{"id":479,"date":"2026-01-08T09:58:09","date_gmt":"2026-01-08T09:58:09","guid":{"rendered":"https:\/\/aiscanlab.com\/contacto\/"},"modified":"2026-01-14T08:12:37","modified_gmt":"2026-01-14T08:12:37","slug":"contacto","status":"publish","type":"page","link":"https:\/\/aiscanlab.com\/es\/contacto\/","title":{"rendered":"Contacto"},"content":{"rendered":"\n<div style=\"height:25px\" aria-hidden=\"true\" class=\"wp-block-spacer\"><\/div>\n\n<div class=\"wp-block-columns is-layout-flex wp-container-core-columns-is-layout-9d6595d7 wp-block-columns-is-layout-flex\">\n<div class=\"wp-block-column is-layout-flow wp-block-column-is-layout-flow\" style=\"flex-basis:3%\"><\/div>\n\n\n\n<div class=\"wp-block-column is-layout-flow wp-block-column-is-layout-flow\" style=\"flex-basis:85%\">\n<p>Para solicitudes de an\u00e1lisis, consultas sobre servicios o informaci\u00f3n de contacto:<\/p>\n\n\n\n<p><strong><a href=\"mailto:info@aiscanlab.com\" target=\"_blank\" rel=\"noreferrer noopener\">info@aiscanlab.com<\/a><\/strong><\/p>\n\n\n\n<p>Todas las comunicaciones se gestionan por correo electr\u00f3nico. No utilizamos formularios web.<\/p>\n\n\n\n<p>Tiempo de respuesta habitual: 24-48 horas h\u00e1biles.<\/p>\n<\/div>\n\n\n\n<div class=\"wp-block-column is-layout-flow wp-block-column-is-layout-flow\" style=\"flex-basis:12%\"><\/div>\n<\/div>\n\n<div style=\"height:100px\" aria-hidden=\"true\" class=\"wp-block-spacer\"><\/div>\n","protected":false},"excerpt":{"rendered":"<p>Para solicitudes de an\u00e1lisis, consultas sobre servicios o informaci\u00f3n de contacto: info@aiscanlab.com Todas las comunicaciones se gestionan por correo electr\u00f3nico. No utilizamos formularios web. Tiempo de respuesta habitual: 24-48 horas h\u00e1biles.<\/p>\n","protected":false},"author":1,"featured_media":0,"parent":0,"menu_order":0,"comment_status":"closed","ping_status":"closed","template":"","meta":{"_eb_attr":"","footnotes":""},"class_list":["post-479","page","type-page","status-publish"],"yoast_head":"<!-- This site is optimized with the Yoast SEO plugin v27.1.1 - https:\/\/yoast.com\/product\/yoast-seo-wordpress\/ -->\n<title>Contacto - AI ScanLab<\/title>\n<meta name=\"description\" content=\"P\u00f3ngase en contacto con AI ScanLab para auditor\u00edas de integridad sem\u00e1ntica. Contacto por correo electr\u00f3nico para solicitudes de an\u00e1lisis empresarial.\" \/>\n<meta name=\"robots\" content=\"index, follow, max-snippet:-1, max-image-preview:large, max-video-preview:-1\" \/>\n<link rel=\"canonical\" href=\"https:\/\/aiscanlab.com\/es\/contacto\/\" \/>\n<meta property=\"og:locale\" content=\"es_ES\" \/>\n<meta property=\"og:type\" content=\"article\" \/>\n<meta property=\"og:title\" content=\"Contacto - AI ScanLab\" \/>\n<meta property=\"og:description\" content=\"P\u00f3ngase en contacto con AI ScanLab para auditor\u00edas de integridad sem\u00e1ntica. Contacto por correo electr\u00f3nico para solicitudes de an\u00e1lisis empresarial.\" \/>\n<meta property=\"og:url\" content=\"https:\/\/aiscanlab.com\/es\/contacto\/\" \/>\n<meta property=\"og:site_name\" content=\"AI ScanLab\" \/>\n<meta property=\"article:modified_time\" content=\"2026-01-14T08:12:37+00:00\" \/>\n<meta name=\"twitter:card\" content=\"summary_large_image\" \/>\n<!-- \/ Yoast SEO plugin. -->","yoast_head_json":{"title":"Contacto - AI ScanLab","description":"P\u00f3ngase en contacto con AI ScanLab para auditor\u00edas de integridad sem\u00e1ntica. Contacto por correo electr\u00f3nico para solicitudes de an\u00e1lisis empresarial.","robots":{"index":"index","follow":"follow","max-snippet":"max-snippet:-1","max-image-preview":"max-image-preview:large","max-video-preview":"max-video-preview:-1"},"canonical":"https:\/\/aiscanlab.com\/es\/contacto\/","og_locale":"es_ES","og_type":"article","og_title":"Contacto - AI ScanLab","og_description":"P\u00f3ngase en contacto con AI ScanLab para auditor\u00edas de integridad sem\u00e1ntica. Contacto por correo electr\u00f3nico para solicitudes de an\u00e1lisis empresarial.","og_url":"https:\/\/aiscanlab.com\/es\/contacto\/","og_site_name":"AI ScanLab","article_modified_time":"2026-01-14T08:12:37+00:00","twitter_card":"summary_large_image","schema":{"@context":"https:\/\/schema.org","@graph":[{"@type":"WebPage","@id":"https:\/\/aiscanlab.com\/es\/contacto\/","url":"https:\/\/aiscanlab.com\/es\/contacto\/","name":"Contacto - AI ScanLab","isPartOf":{"@id":"https:\/\/aiscanlab.com\/es\/#website"},"datePublished":"2026-01-08T09:58:09+00:00","dateModified":"2026-01-14T08:12:37+00:00","description":"P\u00f3ngase en contacto con AI ScanLab para auditor\u00edas de integridad sem\u00e1ntica. Contacto por correo electr\u00f3nico para solicitudes de an\u00e1lisis empresarial.","breadcrumb":{"@id":"https:\/\/aiscanlab.com\/es\/contacto\/#breadcrumb"},"inLanguage":"es","potentialAction":[{"@type":"ReadAction","target":["https:\/\/aiscanlab.com\/es\/contacto\/"]}]},{"@type":"BreadcrumbList","@id":"https:\/\/aiscanlab.com\/es\/contacto\/#breadcrumb","itemListElement":[{"@type":"ListItem","position":1,"name":"Home","item":"https:\/\/aiscanlab.com\/es\/"},{"@type":"ListItem","position":2,"name":"Contacto"}]},{"@type":"WebSite","@id":"https:\/\/aiscanlab.com\/es\/#website","url":"https:\/\/aiscanlab.com\/es\/","name":"AI ScanLab","description":"Semantic Integrity for AI systems","publisher":{"@id":"https:\/\/aiscanlab.com\/es\/#\/schema\/person\/6ac1ca28d3a73ba462c5e4a7d08c6000"},"alternateName":"aiscanlab","potentialAction":[{"@type":"SearchAction","target":{"@type":"EntryPoint","urlTemplate":"https:\/\/aiscanlab.com\/es\/?s={search_term_string}"},"query-input":{"@type":"PropertyValueSpecification","valueRequired":true,"valueName":"search_term_string"}}],"inLanguage":"es"},{"@type":["Person","Organization"],"@id":"https:\/\/aiscanlab.com\/es\/#\/schema\/person\/6ac1ca28d3a73ba462c5e4a7d08c6000","name":"Jos\u00e9 L\u00f3pez L\u00f3pez","image":{"@type":"ImageObject","inLanguage":"es","@id":"https:\/\/aiscanlab.com\/es\/#\/schema\/person\/image\/","url":"https:\/\/aiscanlab.com\/wp-content\/uploads\/2025\/12\/Fabicon_hexagono_black.png","contentUrl":"https:\/\/aiscanlab.com\/wp-content\/uploads\/2025\/12\/Fabicon_hexagono_black.png","width":512,"height":512,"caption":"Jos\u00e9 L\u00f3pez L\u00f3pez"},"logo":{"@id":"https:\/\/aiscanlab.com\/es\/#\/schema\/person\/image\/"},"sameAs":["https:\/\/aiscanlab.com"]}]}},"_hostinger_reach_plugin_has_subscription_block":false,"_hostinger_reach_plugin_is_elementor":false,"_links":{"self":[{"href":"https:\/\/aiscanlab.com\/es\/wp-json\/wp\/v2\/pages\/479","targetHints":{"allow":["GET"]}}],"collection":[{"href":"https:\/\/aiscanlab.com\/es\/wp-json\/wp\/v2\/pages"}],"about":[{"href":"https:\/\/aiscanlab.com\/es\/wp-json\/wp\/v2\/types\/page"}],"author":[{"embeddable":true,"href":"https:\/\/aiscanlab.com\/es\/wp-json\/wp\/v2\/users\/1"}],"replies":[{"embeddable":true,"href":"https:\/\/aiscanlab.com\/es\/wp-json\/wp\/v2\/comments?post=479"}],"version-history":[{"count":1,"href":"https:\/\/aiscanlab.com\/es\/wp-json\/wp\/v2\/pages\/479\/revisions"}],"predecessor-version":[{"id":480,"href":"https:\/\/aiscanlab.com\/es\/wp-json\/wp\/v2\/pages\/479\/revisions\/480"}],"wp:attachment":[{"href":"https:\/\/aiscanlab.com\/es\/wp-json\/wp\/v2\/media?parent=479"}],"curies":[{"name":"wp","href":"https:\/\/api.w.org\/{rel}","templated":true}]}}