{"id":487,"date":"2026-01-07T01:22:18","date_gmt":"2026-01-07T01:22:18","guid":{"rendered":"https:\/\/aiscanlab.com\/acerca-de-ai-scanlab\/"},"modified":"2026-01-14T14:06:28","modified_gmt":"2026-01-14T14:06:28","slug":"acerca-de-ai-scanlab","status":"publish","type":"page","link":"https:\/\/aiscanlab.com\/es\/acerca-de-ai-scanlab\/","title":{"rendered":"Acerca de AI ScanLab"},"content":{"rendered":"\n<div style=\"height:15px\" aria-hidden=\"true\" class=\"wp-block-spacer\"><\/div>\n\n<div class=\"wp-block-columns is-layout-flex wp-container-core-columns-is-layout-9d6595d7 wp-block-columns-is-layout-flex\">\n<div class=\"wp-block-column is-layout-flow wp-block-column-is-layout-flow\" style=\"flex-basis:3%\"><\/div>\n\n\n\n<div class=\"wp-block-column is-layout-flow wp-block-column-is-layout-flow\" style=\"flex-basis:85%\">\n<h2 class=\"wp-block-heading\"><strong>An\u00e1lisis independiente de la integridad sem\u00e1ntica<\/strong><\/h2>\n\n\n\n<p>AI ScanLab proporciona auditor\u00edas dirigidas por expertos sobre c\u00f3mo los sistemas de IA interpretan, transforman y propagan la informaci\u00f3n. Nuestro trabajo se centra en identificar la deriva sem\u00e1ntica, la inestabilidad interpretativa y el riesgo latente en entornos donde la interpretaci\u00f3n mediada por la IA afecta a las decisiones, el cumplimiento o la reputaci\u00f3n. <\/p>\n\n\n\n<p>Operamos como una consultor\u00eda anal\u00edtica independiente. No optimizamos el contenido, entrenamos modelos ni intervenimos en los sistemas de producci\u00f3n. Auditamos la interpretaci\u00f3n.  <\/p>\n\n\n\n<hr class=\"wp-block-separator has-alpha-channel-opacity\"\/>\n\n\n\n<h2 class=\"wp-block-heading\"><strong>Qu\u00e9 hacemos<\/strong><\/h2>\n\n\n\n<p>Las organizaciones operan cada vez m\u00e1s en entornos donde los sistemas de IA interpretan continuamente su contenido, las narrativas de marca y la documentaci\u00f3n. En los motores de b\u00fasqueda, los modelos ling\u00fc\u00edsticos y los agentes aut\u00f3nomos, el significado cambia sin previo aviso. Cuando los fallos interpretativos afloran como errores operativos, da\u00f1os a la reputaci\u00f3n o problemas de cumplimiento, la oportunidad de intervenir ya ha pasado.  <\/p>\n\n\n\n<p>AI ScanLab realiza auditor\u00edas estructuradas de la integridad sem\u00e1ntica que identifican d\u00f3nde la preservaci\u00f3n del significado tiene \u00e9xito, d\u00f3nde se debilita y d\u00f3nde falla. Nuestros an\u00e1lisis hacen aflorar el riesgo antes de que genere consecuencias operativas, legales o de reputaci\u00f3n. <\/p>\n\n\n\n<p>Evaluamos c\u00f3mo los sistemas de IA interpretan la informaci\u00f3n de entrada, d\u00f3nde comienza la deriva sem\u00e1ntica, c\u00f3mo se acumula y cu\u00e1ndo el comportamiento interpretativo se vuelve inestable o incoherente. Este trabajo no se centra en las m\u00e9tricas de visibilidad o las tasas de participaci\u00f3n. Se centra en si el significado que impulsa esas m\u00e9tricas sigue estando alineado con la intenci\u00f3n que lo cre\u00f3.  <\/p>\n\n\n\n<hr class=\"wp-block-separator has-alpha-channel-opacity\"\/>\n\n\n\n<h2 class=\"wp-block-heading\"><strong>Fundamento metodol\u00f3gico<\/strong><\/h2>\n\n\n\n<p>Los marcos anal\u00edticos de AI ScanLab se basan en la investigaci\u00f3n original y la validaci\u00f3n emp\u00edrica. Nuestro trabajo se basa en la Teor\u00eda de la Relatividad Sem\u00e1ntica (TRS), un marco te\u00f3rico integral para analizar el comportamiento sem\u00e1ntico en los sistemas de IA, y CHORDS++, una metodolog\u00eda de an\u00e1lisis de la estabilidad topol\u00f3gica. <\/p>\n\n\n\n<p>Ambos marcos est\u00e1n respaldados por investigaciones publicadas con DOI p\u00fablicos y han sido validados en m\u00faltiples sistemas de IA y escenarios del mundo real. Las metodolog\u00edas operativas, los procesos de calibraci\u00f3n y las implementaciones computacionales siguen siendo de propiedad exclusiva. <\/p>\n\n\n\n<p><strong>Investigaci\u00f3n publicada:<\/strong><\/p>\n\n\n\n<ul class=\"wp-block-list\">\n<li>Teor\u00eda de la Relatividad Sem\u00e1ntica v3.0 (DOI: 10.5281\/zenodo.17611607)<\/li>\n\n\n\n<li>Investigaci\u00f3n adicional accesible a trav\u00e9s de <a href=\"https:\/\/aiscanlab.com\/research-case-studies\/\" target=\"_blank\" rel=\"noreferrer noopener\">Investigaci\u00f3n y estudios de casos<\/a><\/li>\n<\/ul>\n\n\n\n<p>Nuestros marcos no se basan en supuestos de caja negra ni en el acceso propietario al sistema de IA. El an\u00e1lisis se lleva a cabo mediante la observaci\u00f3n externa sistem\u00e1tica, la interacci\u00f3n controlada y la evaluaci\u00f3n experta del comportamiento interpretativo tal como se manifiesta a los usuarios reales y a los sistemas descendentes. <\/p>\n\n\n\n<hr class=\"wp-block-separator has-alpha-channel-opacity\"\/>\n\n\n\n<h2 class=\"wp-block-heading\"><strong>Con qui\u00e9n trabajamos<\/strong><\/h2>\n\n\n\n<p>AI ScanLab trabaja con organizaciones donde la interpretaci\u00f3n mediada por la IA conlleva consecuencias operativas, legales o estrat\u00e9gicas.<\/p>\n\n\n\n<p>Las <strong>industrias reguladas<\/strong> utilizan nuestros servicios cuando el lenguaje de cumplimiento, las divulgaciones regulatorias o la informaci\u00f3n de seguridad deben preservar la precisi\u00f3n sem\u00e1ntica bajo la transformaci\u00f3n de la IA. Los servicios financieros, las empresas farmac\u00e9uticas, la biotecnolog\u00eda y los fabricantes de dispositivos m\u00e9dicos requieren la verificaci\u00f3n de que el significado permanece estable cuando los reguladores, los auditores o el p\u00fablico encuentran el lenguaje de divulgaci\u00f3n a trav\u00e9s de sistemas impulsados por la IA. <\/p>\n\n\n\n<p>Las <strong>organizaciones tecnol\u00f3gicas<\/strong> nos contratan cuando la estabilidad sem\u00e1ntica afecta al posicionamiento competitivo, la diferenciaci\u00f3n t\u00e9cnica o la fiabilidad del sistema multiagente. Las empresas que lanzan productos impulsados por la IA, operan sistemas de comercio de agentes o mantienen ecosistemas de documentaci\u00f3n complejos requieren la garant\u00eda de que la interpretaci\u00f3n preserva la intenci\u00f3n en todos los modelos y contextos. <\/p>\n\n\n\n<p>Los <strong>editores y las organizaciones de medios de comunicaci\u00f3n<\/strong> trabajan con nosotros cuando la s\u00edntesis de la IA, la reinterpretaci\u00f3n del contenido o la din\u00e1mica de atribuci\u00f3n afectan a la forma en que el p\u00fablico se encuentra con su trabajo. Cuando la preservaci\u00f3n del significado determina si el contenido llega al p\u00fablico tal como se pretende o a trav\u00e9s de intermediarios distorsionados, la integridad sem\u00e1ntica se convierte en una infraestructura esencial. <\/p>\n\n\n\n<p>Las <strong>instituciones p\u00fablicas y los \u00f3rganos de gobierno<\/strong> utilizan nuestro an\u00e1lisis cuando los errores de interpretaci\u00f3n conllevan consecuencias legales, \u00e9ticas o sociales. Cuando los sistemas de IA median en la forma en que la pol\u00edtica, la orientaci\u00f3n o la comunicaci\u00f3n p\u00fablica llegan a las partes interesadas, la responsabilidad sem\u00e1ntica requiere una verificaci\u00f3n independiente. <\/p>\n\n\n\n<hr class=\"wp-block-separator has-alpha-channel-opacity\"\/>\n\n\n\n<h2 class=\"wp-block-heading\"><strong>C\u00f3mo trabajamos<\/strong><\/h2>\n\n\n\n<p>Todos los compromisos de AI ScanLab se entregan como an\u00e1lisis expertos a medida. No hay herramientas, paneles de suscripci\u00f3n ni capas de automatizaci\u00f3n. Cada auditor\u00eda es realizada manualmente por expertos con un profundo conocimiento del comportamiento sem\u00e1ntico en los sistemas de IA.  <\/p>\n\n\n\n<p><strong>Nuestro proceso:<\/strong><\/p>\n\n\n\n<p>Los compromisos comienzan con la definici\u00f3n del alcance por correo electr\u00f3nico. Los clientes especifican los materiales, los sistemas o los contextos que requieren evaluaci\u00f3n. Establecemos los l\u00edmites de la auditor\u00eda, las expectativas de los entregables y el calendario.  <\/p>\n\n\n\n<p>El an\u00e1lisis se lleva a cabo mediante la observaci\u00f3n sistem\u00e1tica y la interacci\u00f3n controlada. No accedemos a sistemas internos, algoritmos propietarios ni conjuntos de datos confidenciales. Las auditor\u00edas operan enteramente en la capa de interpretaci\u00f3n, evaluando c\u00f3mo se comportan externamente los sistemas de IA tal como lo experimentan los usuarios reales o los agentes descendentes.  <\/p>\n\n\n\n<p>Los resultados se documentan como informes estructurados adecuados para la toma de decisiones estrat\u00e9gicas, la supervisi\u00f3n de la gobernanza o la preparaci\u00f3n regulatoria. Los informes identifican las vulnerabilidades, mapean las condiciones de riesgo y proporcionan inteligencia procesable sin exponer las t\u00e9cnicas propietarias que los generaron. <\/p>\n\n\n\n<p>No implementamos soluciones, optimizamos el contenido ni modificamos los sistemas. Nuestro papel termina en el diagn\u00f3stico y la recomendaci\u00f3n. La implementaci\u00f3n sigue siendo responsabilidad del cliente.  <\/p>\n\n\n\n<hr class=\"wp-block-separator has-alpha-channel-opacity\"\/>\n\n\n\n<h2 class=\"wp-block-heading\"><strong>Independencia e integridad<\/strong><\/h2>\n\n\n\n<p>AI ScanLab opera independientemente de los proveedores de plataformas de IA, los proveedores de optimizaci\u00f3n de contenido y las organizaciones de formaci\u00f3n de modelos. No mantenemos relaciones comerciales que puedan comprometer la objetividad anal\u00edtica. <\/p>\n\n\n\n<p>No aceptamos compromisos en los que los resultados deban ajustarse a conclusiones predeterminadas. No modificamos el an\u00e1lisis para satisfacer las preferencias del cliente. Documentamos el comportamiento interpretativo observable y sus implicaciones, ya sean c\u00f3modas o inconvenientes.  <\/p>\n\n\n\n<p>Los clientes reciben los resultados a medida que surgen del an\u00e1lisis. Si existen vulnerabilidades, las documentamos. Si el posicionamiento es estructuralmente s\u00f3lido, lo verificamos. Nuestro valor se deriva de la precisi\u00f3n, no de la tranquilidad.   <\/p>\n\n\n\n<hr class=\"wp-block-separator has-alpha-channel-opacity\"\/>\n\n\n\n<h2 class=\"wp-block-heading\"><strong>Investigaci\u00f3n y liderazgo intelectual<\/strong><\/h2>\n\n\n\n<p>AI ScanLab contribuye a la comprensi\u00f3n p\u00fablica del comportamiento sem\u00e1ntico en los sistemas de IA a trav\u00e9s de la investigaci\u00f3n publicada, los estudios de casos y el an\u00e1lisis de la din\u00e1mica interpretativa emergente.<\/p>\n\n\n\n<p>El trabajo seleccionado est\u00e1 disponible a trav\u00e9s de nuestra secci\u00f3n de <a href=\"https:\/\/aiscanlab.com\/research-case-studies\/\" target=\"_blank\" rel=\"noreferrer noopener\">Investigaci\u00f3n y estudios de casos<\/a> y a trav\u00e9s de repositorios acad\u00e9micos. Compartimos conocimientos metodol\u00f3gicos cuando hacerlo mejora la comprensi\u00f3n sin comprometer las t\u00e9cnicas propietarias. <\/p>\n\n\n\n<p>Nuestro blog aborda los patrones interpretativos, la din\u00e1mica de riesgo y los desaf\u00edos de la integridad sem\u00e1ntica a los que se enfrentan las organizaciones que operan en entornos mediados por la IA. El an\u00e1lisis reciente incluye la validaci\u00f3n de predicciones te\u00f3ricas con la arquitectura filtrada del sistema de IA y estudios longitudinales de deriva en los sectores farmac\u00e9utico y tecnol\u00f3gico. <\/p>\n\n\n\n<hr class=\"wp-block-separator has-alpha-channel-opacity\"\/>\n\n\n\n<h2 class=\"wp-block-heading\"><strong>Liderazgo<\/strong><\/h2>\n\n\n\n<p>AI ScanLab est\u00e1 dirigido por Jos\u00e9 L\u00f3pez L\u00f3pez, un investigador independiente especializado en el an\u00e1lisis del campo sem\u00e1ntico y la din\u00e1mica de la interpretaci\u00f3n de la IA.<\/p>\n\n\n\n<p>L\u00f3pez L\u00f3pez desarroll\u00f3 la Teor\u00eda de la Relatividad Sem\u00e1ntica (TRS), un marco integral para analizar c\u00f3mo se comporta el significado en entornos mediados por la IA, y CHORDS++, una metodolog\u00eda topol\u00f3gica para evaluar la estabilidad estructural del texto bajo la interpretaci\u00f3n de la IA.<\/p>\n\n\n\n<p>Su investigaci\u00f3n se publica con DOI p\u00fablicos y ha sido validada emp\u00edricamente frente al comportamiento real de sistemas de IA, incluyendo confirmaci\u00f3n mediante documentaci\u00f3n de infraestructura filtrada de sistemas en producci\u00f3n.<\/p>\n\n\n\n<p><strong>ORCID:<\/strong> <a href=\"https:\/\/orcid.org\/0009-0007-8862-5177\" target=\"_blank\" rel=\"noreferrer noopener\">0009-0007-8862-5177<\/a><\/p>\n\n\n\n<hr class=\"wp-block-separator has-alpha-channel-opacity\"\/>\n\n\n\n<h2 class=\"wp-block-heading\"><strong>Compromiso<\/strong><\/h2>\n\n\n\n<p>AI ScanLab acepta compromisos en los que la integridad sem\u00e1ntica tiene una importancia estrat\u00e9gica, operativa o de cumplimiento. Trabajamos con organizaciones preparadas para actuar sobre los resultados y capaces de implementar ajustes estructurales cuando el an\u00e1lisis revela vulnerabilidades. <\/p>\n\n\n\n<p>Si los sistemas de IA median c\u00f3mo su informaci\u00f3n llega a partes interesadas, reguladores, clientes o sistemas de decisi\u00f3n, la interpretaci\u00f3n es una responsabilidad.<\/p>\n\n\n\n<p><a href=\"mailto:audits@aiscanlab.com\" target=\"_blank\" rel=\"noreferrer noopener\">Solicitar an\u00e1lisis<\/a><\/p>\n\n\n\n<div style=\"height:100px\" aria-hidden=\"true\" class=\"wp-block-spacer\"><\/div>\n<\/div>\n\n\n\n<div class=\"wp-block-column is-layout-flow wp-block-column-is-layout-flow\" style=\"flex-basis:10%\"><\/div>\n<\/div>\n","protected":false},"excerpt":{"rendered":"<p>An\u00e1lisis independiente de la integridad sem\u00e1ntica AI ScanLab proporciona auditor\u00edas dirigidas por expertos sobre c\u00f3mo los sistemas de IA interpretan, transforman y propagan la informaci\u00f3n. Nuestro trabajo se centra en identificar la deriva sem\u00e1ntica, la inestabilidad interpretativa y el riesgo latente en entornos donde la interpretaci\u00f3n mediada por la IA afecta a las decisiones, el &#8230; <a title=\"Acerca de AI ScanLab\" class=\"read-more\" href=\"https:\/\/aiscanlab.com\/es\/acerca-de-ai-scanlab\/\" aria-label=\"Leer m\u00e1s sobre Acerca de AI ScanLab\">Leer m\u00e1s<\/a><\/p>\n","protected":false},"author":1,"featured_media":0,"parent":0,"menu_order":0,"comment_status":"closed","ping_status":"closed","template":"","meta":{"_eb_attr":"","footnotes":""},"class_list":["post-487","page","type-page","status-publish"],"yoast_head":"<!-- This site is optimized with the Yoast SEO plugin v27.1.1 - https:\/\/yoast.com\/product\/yoast-seo-wordpress\/ -->\n<title>Acerca de AI ScanLab - AI ScanLab<\/title>\n<meta name=\"description\" content=\"AI ScanLab ofrece auditor\u00edas expertas sobre c\u00f3mo los sistemas de IA interpretan, transforman y propagan la informaci\u00f3n.\" \/>\n<meta name=\"robots\" content=\"index, follow, max-snippet:-1, max-image-preview:large, max-video-preview:-1\" \/>\n<link rel=\"canonical\" href=\"https:\/\/aiscanlab.com\/es\/acerca-de-ai-scanlab\/\" \/>\n<meta property=\"og:locale\" content=\"es_ES\" \/>\n<meta property=\"og:type\" content=\"article\" \/>\n<meta property=\"og:title\" content=\"Acerca de AI ScanLab - AI ScanLab\" \/>\n<meta property=\"og:description\" content=\"AI ScanLab ofrece auditor\u00edas expertas sobre c\u00f3mo los sistemas de IA interpretan, transforman y propagan la informaci\u00f3n.\" \/>\n<meta property=\"og:url\" content=\"https:\/\/aiscanlab.com\/es\/acerca-de-ai-scanlab\/\" \/>\n<meta property=\"og:site_name\" content=\"AI ScanLab\" \/>\n<meta property=\"article:modified_time\" content=\"2026-01-14T14:06:28+00:00\" \/>\n<meta name=\"twitter:card\" content=\"summary_large_image\" \/>\n<meta name=\"twitter:label1\" content=\"Tiempo de lectura\" \/>\n\t<meta name=\"twitter:data1\" content=\"8 minutos\" \/>\n<!-- \/ Yoast SEO plugin. -->","yoast_head_json":{"title":"Acerca de AI ScanLab - AI ScanLab","description":"AI ScanLab ofrece auditor\u00edas expertas sobre c\u00f3mo los sistemas de IA interpretan, transforman y propagan la informaci\u00f3n.","robots":{"index":"index","follow":"follow","max-snippet":"max-snippet:-1","max-image-preview":"max-image-preview:large","max-video-preview":"max-video-preview:-1"},"canonical":"https:\/\/aiscanlab.com\/es\/acerca-de-ai-scanlab\/","og_locale":"es_ES","og_type":"article","og_title":"Acerca de AI ScanLab - AI ScanLab","og_description":"AI ScanLab ofrece auditor\u00edas expertas sobre c\u00f3mo los sistemas de IA interpretan, transforman y propagan la informaci\u00f3n.","og_url":"https:\/\/aiscanlab.com\/es\/acerca-de-ai-scanlab\/","og_site_name":"AI ScanLab","article_modified_time":"2026-01-14T14:06:28+00:00","twitter_card":"summary_large_image","twitter_misc":{"Tiempo de lectura":"8 minutos"},"schema":{"@context":"https:\/\/schema.org","@graph":[{"@type":"WebPage","@id":"https:\/\/aiscanlab.com\/es\/acerca-de-ai-scanlab\/","url":"https:\/\/aiscanlab.com\/es\/acerca-de-ai-scanlab\/","name":"Acerca de AI ScanLab - AI ScanLab","isPartOf":{"@id":"https:\/\/aiscanlab.com\/es\/#website"},"datePublished":"2026-01-07T01:22:18+00:00","dateModified":"2026-01-14T14:06:28+00:00","description":"AI ScanLab ofrece auditor\u00edas expertas sobre c\u00f3mo los sistemas de IA interpretan, transforman y propagan la informaci\u00f3n.","breadcrumb":{"@id":"https:\/\/aiscanlab.com\/es\/acerca-de-ai-scanlab\/#breadcrumb"},"inLanguage":"es","potentialAction":[{"@type":"ReadAction","target":["https:\/\/aiscanlab.com\/es\/acerca-de-ai-scanlab\/"]}]},{"@type":"BreadcrumbList","@id":"https:\/\/aiscanlab.com\/es\/acerca-de-ai-scanlab\/#breadcrumb","itemListElement":[{"@type":"ListItem","position":1,"name":"Home","item":"https:\/\/aiscanlab.com\/es\/"},{"@type":"ListItem","position":2,"name":"Acerca de AI ScanLab"}]},{"@type":"WebSite","@id":"https:\/\/aiscanlab.com\/es\/#website","url":"https:\/\/aiscanlab.com\/es\/","name":"AI ScanLab","description":"Semantic Integrity for AI systems","publisher":{"@id":"https:\/\/aiscanlab.com\/es\/#\/schema\/person\/6ac1ca28d3a73ba462c5e4a7d08c6000"},"alternateName":"aiscanlab","potentialAction":[{"@type":"SearchAction","target":{"@type":"EntryPoint","urlTemplate":"https:\/\/aiscanlab.com\/es\/?s={search_term_string}"},"query-input":{"@type":"PropertyValueSpecification","valueRequired":true,"valueName":"search_term_string"}}],"inLanguage":"es"},{"@type":["Person","Organization"],"@id":"https:\/\/aiscanlab.com\/es\/#\/schema\/person\/6ac1ca28d3a73ba462c5e4a7d08c6000","name":"Jos\u00e9 L\u00f3pez L\u00f3pez","image":{"@type":"ImageObject","inLanguage":"es","@id":"https:\/\/aiscanlab.com\/es\/#\/schema\/person\/image\/","url":"https:\/\/aiscanlab.com\/wp-content\/uploads\/2025\/12\/Fabicon_hexagono_black.png","contentUrl":"https:\/\/aiscanlab.com\/wp-content\/uploads\/2025\/12\/Fabicon_hexagono_black.png","width":512,"height":512,"caption":"Jos\u00e9 L\u00f3pez L\u00f3pez"},"logo":{"@id":"https:\/\/aiscanlab.com\/es\/#\/schema\/person\/image\/"},"sameAs":["https:\/\/aiscanlab.com"]}]}},"_hostinger_reach_plugin_has_subscription_block":false,"_hostinger_reach_plugin_is_elementor":false,"_links":{"self":[{"href":"https:\/\/aiscanlab.com\/es\/wp-json\/wp\/v2\/pages\/487","targetHints":{"allow":["GET"]}}],"collection":[{"href":"https:\/\/aiscanlab.com\/es\/wp-json\/wp\/v2\/pages"}],"about":[{"href":"https:\/\/aiscanlab.com\/es\/wp-json\/wp\/v2\/types\/page"}],"author":[{"embeddable":true,"href":"https:\/\/aiscanlab.com\/es\/wp-json\/wp\/v2\/users\/1"}],"replies":[{"embeddable":true,"href":"https:\/\/aiscanlab.com\/es\/wp-json\/wp\/v2\/comments?post=487"}],"version-history":[{"count":1,"href":"https:\/\/aiscanlab.com\/es\/wp-json\/wp\/v2\/pages\/487\/revisions"}],"predecessor-version":[{"id":488,"href":"https:\/\/aiscanlab.com\/es\/wp-json\/wp\/v2\/pages\/487\/revisions\/488"}],"wp:attachment":[{"href":"https:\/\/aiscanlab.com\/es\/wp-json\/wp\/v2\/media?parent=487"}],"curies":[{"name":"wp","href":"https:\/\/api.w.org\/{rel}","templated":true}]}}