{"id":489,"date":"2025-12-13T10:13:54","date_gmt":"2025-12-13T10:13:54","guid":{"rendered":"https:\/\/aiscanlab.com\/como-trabajamos\/"},"modified":"2026-01-14T14:45:48","modified_gmt":"2026-01-14T14:45:48","slug":"como-trabajamos","status":"publish","type":"page","link":"https:\/\/aiscanlab.com\/es\/como-trabajamos\/","title":{"rendered":"C\u00f3mo trabajamos"},"content":{"rendered":"\n<div style=\"height:15px\" aria-hidden=\"true\" class=\"wp-block-spacer\"><\/div>\n\n<div class=\"wp-block-columns is-layout-flex wp-container-core-columns-is-layout-9d6595d7 wp-block-columns-is-layout-flex\">\n<div class=\"wp-block-column is-layout-flow wp-block-column-is-layout-flow\" style=\"flex-basis:3%\"><\/div>\n\n\n\n<div class=\"wp-block-column is-layout-flow wp-block-column-is-layout-flow\" style=\"flex-basis:78%\">\n<h2 class=\"wp-block-heading\"><strong>Auditor\u00edas Sem\u00e1nticas Independientes<\/strong><\/h2>\n\n\n\n<p>AI ScanLab opera como una entidad anal\u00edtica independiente.<\/p>\n\n\n\n<p>No intervenimos en sistemas en producci\u00f3n, no modificamos contenido, no entrenamos modelos ni desplegamos software.<br\/>Nuestra funci\u00f3n es observar, medir y evaluar c\u00f3mo se comporta el significado una vez que entra en entornos mediados por IA.<\/p>\n\n\n\n<hr class=\"wp-block-separator has-alpha-channel-opacity\"\/>\n\n\n\n<h2 class=\"wp-block-heading\"><strong>Nuestro Proceso de Colaboraci\u00f3n<\/strong><\/h2>\n\n\n\n<h3 class=\"wp-block-heading\"><strong>1. Descubrimiento inicial<\/strong><\/h3>\n\n\n\n<p>Comenzamos con una breve fase de descubrimiento para comprender:<\/p>\n\n\n\n<ul class=\"wp-block-list\">\n<li>Los sistemas involucrados (modelos, agentes, plataformas)<\/li>\n\n\n\n<li>El contexto operativo<\/li>\n\n\n\n<li>El tipo de exposici\u00f3n al riesgo<\/li>\n\n\n\n<li>La modalidad de auditor\u00eda requerida<\/li>\n<\/ul>\n\n\n\n<p>Esta fase determina el alcance, los plazos y el nivel de profundidad.<\/p>\n\n\n\n<hr class=\"wp-block-separator has-alpha-channel-opacity\"\/>\n\n\n\n<h3 class=\"wp-block-heading\"><strong>2. Dise\u00f1o de la auditor\u00eda<\/strong><\/h3>\n\n\n\n<p>A partir de esta fase, configuramos el marco de la auditor\u00eda:<\/p>\n\n\n\n<ul class=\"wp-block-list\">\n<li>Definici\u00f3n de las entradas sem\u00e1nticas que se evaluar\u00e1n<\/li>\n\n\n\n<li>Selecci\u00f3n de sistemas de IA o cadenas de agentes<\/li>\n\n\n\n<li>Determinaci\u00f3n de dimensiones temporales o comparativas<\/li>\n\n\n\n<li>Umbrales de riesgo e indicadores de estabilidad<\/li>\n<\/ul>\n\n\n\n<p>No se requiere acceso a algoritmos patentados ni a c\u00f3digo interno.<\/p>\n\n\n\n<hr class=\"wp-block-separator has-alpha-channel-opacity\"\/>\n\n\n\n<h3 class=\"wp-block-heading\"><strong>3. Interacci\u00f3n controlada<\/strong><\/h3>\n\n\n\n<p>Las auditor\u00edas se llevan a cabo mediante la interacci\u00f3n controlada con los sistemas de IA, simulando el uso en el mundo real sin interferir con las operaciones en vivo.<\/p>\n\n\n\n<p>Esto puede incluir:<\/p>\n\n\n\n<ul class=\"wp-block-list\">\n<li>Interacci\u00f3n basada en consultas<\/li>\n\n\n\n<li>Indicaciones basadas en escenarios<\/li>\n\n\n\n<li>Recorrido de la cadena de agentes<\/li>\n\n\n\n<li>Muestreo longitudinal<\/li>\n<\/ul>\n\n\n\n<p>Todas las interacciones son no invasivas y reversibles.<\/p>\n\n\n\n<hr class=\"wp-block-separator has-alpha-channel-opacity\"\/>\n\n\n\n<h3 class=\"wp-block-heading\"><strong>4. An\u00e1lisis y modelado<\/strong><\/h3>\n\n\n\n<p>Analizamos el comportamiento interpretativo en:<\/p>\n\n\n\n<ul class=\"wp-block-list\">\n<li>Modelos<\/li>\n\n\n\n<li>Agentes<\/li>\n\n\n\n<li>Tiempo<\/li>\n\n\n\n<li>Contextos<\/li>\n<\/ul>\n\n\n\n<p>El enfoque se centra en la identificaci\u00f3n de:<\/p>\n\n\n\n<ul class=\"wp-block-list\">\n<li>Patrones de deriva<\/li>\n\n\n\n<li>P\u00e9rdida de estabilidad<\/li>\n\n\n\n<li>Divergencia interpretativa<\/li>\n\n\n\n<li>Se\u00f1ales tempranas de colapso sem\u00e1ntico<\/li>\n<\/ul>\n\n\n\n<hr class=\"wp-block-separator has-alpha-channel-opacity\"\/>\n\n\n\n<h3 class=\"wp-block-heading\"><strong>5. Informes y revisi\u00f3n<\/strong><\/h3>\n\n\n\n<p>Los hallazgos se entregan a trav\u00e9s de informes estructurados que incluyen:<\/p>\n\n\n\n<ul class=\"wp-block-list\">\n<li>Resultados anal\u00edticos<\/li>\n\n\n\n<li>Indicadores de riesgo<\/li>\n\n\n\n<li>Perspectivas predictivas<\/li>\n\n\n\n<li>Evaluaci\u00f3n de la estabilidad interpretativa<\/li>\n<\/ul>\n\n\n\n<p>Los informes est\u00e1n dise\u00f1ados para audiencias t\u00e9cnicas, legales y ejecutivas.<\/p>\n\n\n\n<hr class=\"wp-block-separator has-alpha-channel-opacity\"\/>\n\n\n\n<h2 class=\"wp-block-heading\"><strong>Cronograma e implicaci\u00f3n del cliente<\/strong><\/h2>\n\n\n\n<p>Duraci\u00f3n t\u00edpica de la auditor\u00eda: 7-14 d\u00edas (var\u00eda seg\u00fan la modalidad)<br\/>Tiempo requerido del cliente: M\u00ednimo<\/p>\n\n\n\n<ul class=\"wp-block-list\">\n<li>Recopilaci\u00f3n de requisitos: Env\u00edo de documentaci\u00f3n por correo electr\u00f3nico<\/li>\n\n\n\n<li>Revisi\u00f3n de resultados: Entrega de informe escrito con llamada de seguimiento opcional<\/li>\n<\/ul>\n\n\n\n<p><strong>La ejecuci\u00f3n de la auditor\u00eda no requiere la participaci\u00f3n del cliente.<\/strong><\/p>\n\n\n\n<p>Todo el alcance, los requisitos y la entrega se pueden gestionar de forma as\u00edncrona por correo electr\u00f3nico para preservar la independencia anal\u00edtica y evitar la introducci\u00f3n de sesgos a trav\u00e9s del di\u00e1logo continuo.<\/p>\n\n\n\n<hr class=\"wp-block-separator has-alpha-channel-opacity\"\/>\n\n\n\n<h2 class=\"wp-block-heading\"><strong>Lo que no hacemos<\/strong><\/h2>\n\n\n\n<ul class=\"wp-block-list\">\n<li>No proporcionamos servicios de optimizaci\u00f3n o remediaci\u00f3n<\/li>\n\n\n\n<li>No implementamos correcciones ni cambios de contenido<\/li>\n\n\n\n<li>No incorporamos herramientas ni scripts de monitorizaci\u00f3n<\/li>\n<\/ul>\n\n\n\n<p>AI ScanLab mantiene la independencia anal\u00edtica en todo momento.<\/p>\n\n\n\n<hr class=\"wp-block-separator has-alpha-channel-opacity is-style-wide\"\/>\n\n\n\n<div style=\"height:100px\" aria-hidden=\"true\" class=\"wp-block-spacer\"><\/div>\n<\/div>\n\n\n\n<div class=\"wp-block-column is-layout-flow wp-block-column-is-layout-flow\" style=\"flex-basis:15%\"><\/div>\n<\/div>\n","protected":false},"excerpt":{"rendered":"<p>Auditor\u00edas Sem\u00e1nticas Independientes AI ScanLab opera como una entidad anal\u00edtica independiente. No intervenimos en sistemas en producci\u00f3n, no modificamos contenido, no entrenamos modelos ni desplegamos software.Nuestra funci\u00f3n es observar, medir y evaluar c\u00f3mo se comporta el significado una vez que entra en entornos mediados por IA. Nuestro Proceso de Colaboraci\u00f3n 1. Descubrimiento inicial Comenzamos con &#8230; <a title=\"C\u00f3mo trabajamos\" class=\"read-more\" href=\"https:\/\/aiscanlab.com\/es\/como-trabajamos\/\" aria-label=\"Leer m\u00e1s sobre C\u00f3mo trabajamos\">Leer m\u00e1s<\/a><\/p>\n","protected":false},"author":1,"featured_media":0,"parent":0,"menu_order":0,"comment_status":"closed","ping_status":"closed","template":"","meta":{"_eb_attr":"","footnotes":""},"class_list":["post-489","page","type-page","status-publish"],"yoast_head":"<!-- This site is optimized with the Yoast SEO plugin v27.1.1 - https:\/\/yoast.com\/product\/yoast-seo-wordpress\/ -->\n<title>C\u00f3mo trabajamos - AI ScanLab<\/title>\n<meta name=\"description\" content=\"\u00bfC\u00f3mo trabajamos? Nuestra funci\u00f3n es observar, medir y evaluar c\u00f3mo se comporta el significado una vez que entra en entornos mediados por la IA.\" \/>\n<meta name=\"robots\" content=\"index, follow, max-snippet:-1, max-image-preview:large, max-video-preview:-1\" \/>\n<link rel=\"canonical\" href=\"https:\/\/aiscanlab.com\/es\/como-trabajamos\/\" \/>\n<meta property=\"og:locale\" content=\"es_ES\" \/>\n<meta property=\"og:type\" content=\"article\" \/>\n<meta property=\"og:title\" content=\"C\u00f3mo trabajamos - AI ScanLab\" \/>\n<meta property=\"og:description\" content=\"\u00bfC\u00f3mo trabajamos? Nuestra funci\u00f3n es observar, medir y evaluar c\u00f3mo se comporta el significado una vez que entra en entornos mediados por la IA.\" \/>\n<meta property=\"og:url\" content=\"https:\/\/aiscanlab.com\/es\/como-trabajamos\/\" \/>\n<meta property=\"og:site_name\" content=\"AI ScanLab\" \/>\n<meta property=\"article:modified_time\" content=\"2026-01-14T14:45:48+00:00\" \/>\n<meta name=\"twitter:card\" content=\"summary_large_image\" \/>\n<meta name=\"twitter:label1\" content=\"Tiempo de lectura\" \/>\n\t<meta name=\"twitter:data1\" content=\"2 minutos\" \/>\n<!-- \/ Yoast SEO plugin. -->","yoast_head_json":{"title":"C\u00f3mo trabajamos - AI ScanLab","description":"\u00bfC\u00f3mo trabajamos? Nuestra funci\u00f3n es observar, medir y evaluar c\u00f3mo se comporta el significado una vez que entra en entornos mediados por la IA.","robots":{"index":"index","follow":"follow","max-snippet":"max-snippet:-1","max-image-preview":"max-image-preview:large","max-video-preview":"max-video-preview:-1"},"canonical":"https:\/\/aiscanlab.com\/es\/como-trabajamos\/","og_locale":"es_ES","og_type":"article","og_title":"C\u00f3mo trabajamos - AI ScanLab","og_description":"\u00bfC\u00f3mo trabajamos? Nuestra funci\u00f3n es observar, medir y evaluar c\u00f3mo se comporta el significado una vez que entra en entornos mediados por la IA.","og_url":"https:\/\/aiscanlab.com\/es\/como-trabajamos\/","og_site_name":"AI ScanLab","article_modified_time":"2026-01-14T14:45:48+00:00","twitter_card":"summary_large_image","twitter_misc":{"Tiempo de lectura":"2 minutos"},"schema":{"@context":"https:\/\/schema.org","@graph":[{"@type":"WebPage","@id":"https:\/\/aiscanlab.com\/es\/como-trabajamos\/","url":"https:\/\/aiscanlab.com\/es\/como-trabajamos\/","name":"C\u00f3mo trabajamos - AI ScanLab","isPartOf":{"@id":"https:\/\/aiscanlab.com\/es\/#website"},"datePublished":"2025-12-13T10:13:54+00:00","dateModified":"2026-01-14T14:45:48+00:00","description":"\u00bfC\u00f3mo trabajamos? Nuestra funci\u00f3n es observar, medir y evaluar c\u00f3mo se comporta el significado una vez que entra en entornos mediados por la IA.","breadcrumb":{"@id":"https:\/\/aiscanlab.com\/es\/como-trabajamos\/#breadcrumb"},"inLanguage":"es","potentialAction":[{"@type":"ReadAction","target":["https:\/\/aiscanlab.com\/es\/como-trabajamos\/"]}]},{"@type":"BreadcrumbList","@id":"https:\/\/aiscanlab.com\/es\/como-trabajamos\/#breadcrumb","itemListElement":[{"@type":"ListItem","position":1,"name":"Home","item":"https:\/\/aiscanlab.com\/es\/"},{"@type":"ListItem","position":2,"name":"C\u00f3mo trabajamos"}]},{"@type":"WebSite","@id":"https:\/\/aiscanlab.com\/es\/#website","url":"https:\/\/aiscanlab.com\/es\/","name":"AI ScanLab","description":"Semantic Integrity for AI systems","publisher":{"@id":"https:\/\/aiscanlab.com\/es\/#\/schema\/person\/6ac1ca28d3a73ba462c5e4a7d08c6000"},"alternateName":"aiscanlab","potentialAction":[{"@type":"SearchAction","target":{"@type":"EntryPoint","urlTemplate":"https:\/\/aiscanlab.com\/es\/?s={search_term_string}"},"query-input":{"@type":"PropertyValueSpecification","valueRequired":true,"valueName":"search_term_string"}}],"inLanguage":"es"},{"@type":["Person","Organization"],"@id":"https:\/\/aiscanlab.com\/es\/#\/schema\/person\/6ac1ca28d3a73ba462c5e4a7d08c6000","name":"Jos\u00e9 L\u00f3pez L\u00f3pez","image":{"@type":"ImageObject","inLanguage":"es","@id":"https:\/\/aiscanlab.com\/es\/#\/schema\/person\/image\/","url":"https:\/\/aiscanlab.com\/wp-content\/uploads\/2025\/12\/Fabicon_hexagono_black.png","contentUrl":"https:\/\/aiscanlab.com\/wp-content\/uploads\/2025\/12\/Fabicon_hexagono_black.png","width":512,"height":512,"caption":"Jos\u00e9 L\u00f3pez L\u00f3pez"},"logo":{"@id":"https:\/\/aiscanlab.com\/es\/#\/schema\/person\/image\/"},"sameAs":["https:\/\/aiscanlab.com"]}]}},"_hostinger_reach_plugin_has_subscription_block":false,"_hostinger_reach_plugin_is_elementor":false,"_links":{"self":[{"href":"https:\/\/aiscanlab.com\/es\/wp-json\/wp\/v2\/pages\/489","targetHints":{"allow":["GET"]}}],"collection":[{"href":"https:\/\/aiscanlab.com\/es\/wp-json\/wp\/v2\/pages"}],"about":[{"href":"https:\/\/aiscanlab.com\/es\/wp-json\/wp\/v2\/types\/page"}],"author":[{"embeddable":true,"href":"https:\/\/aiscanlab.com\/es\/wp-json\/wp\/v2\/users\/1"}],"replies":[{"embeddable":true,"href":"https:\/\/aiscanlab.com\/es\/wp-json\/wp\/v2\/comments?post=489"}],"version-history":[{"count":1,"href":"https:\/\/aiscanlab.com\/es\/wp-json\/wp\/v2\/pages\/489\/revisions"}],"predecessor-version":[{"id":490,"href":"https:\/\/aiscanlab.com\/es\/wp-json\/wp\/v2\/pages\/489\/revisions\/490"}],"wp:attachment":[{"href":"https:\/\/aiscanlab.com\/es\/wp-json\/wp\/v2\/media?parent=489"}],"curies":[{"name":"wp","href":"https:\/\/api.w.org\/{rel}","templated":true}]}}