{"id":495,"date":"2025-12-13T10:25:26","date_gmt":"2025-12-13T10:25:26","guid":{"rendered":"https:\/\/aiscanlab.com\/requisitos-del-cliente\/"},"modified":"2026-01-14T19:39:24","modified_gmt":"2026-01-14T19:39:24","slug":"requisitos-del-cliente","status":"publish","type":"page","link":"https:\/\/aiscanlab.com\/es\/requisitos-del-cliente\/","title":{"rendered":"Requisitos del cliente"},"content":{"rendered":"\n<div style=\"height:20px\" aria-hidden=\"true\" class=\"wp-block-spacer\"><\/div>\n\n<div class=\"wp-block-columns is-layout-flex wp-container-core-columns-is-layout-9d6595d7 wp-block-columns-is-layout-flex\">\n<div class=\"wp-block-column is-layout-flow wp-block-column-is-layout-flow\" style=\"flex-basis:3%\"><\/div>\n\n\n\n<div class=\"wp-block-column is-layout-flow wp-block-column-is-layout-flow\" style=\"flex-basis:78%\">\n<h2 class=\"wp-block-heading\"><strong>Informaci\u00f3n necesaria para realizar una auditor\u00eda<\/strong><\/h2>\n\n\n\n<p>Para llevar a cabo una auditor\u00eda de integridad sem\u00e1ntica, AI ScanLab requiere la siguiente informaci\u00f3n por parte del cliente:<\/p>\n\n\n\n<h3 class=\"wp-block-heading\"><strong>1. Resumen del sistema<\/strong><\/h3>\n\n\n\n<ul class=\"wp-block-list\">\n<li>Descripci\u00f3n de los sistemas de IA involucrados<\/li>\n\n\n\n<li>Identificaci\u00f3n de modelos, plataformas o agentes<\/li>\n\n\n\n<li>Explicaci\u00f3n de c\u00f3mo se utilizan operativamente las salidas de la IA<\/li>\n<\/ul>\n\n\n\n<hr class=\"wp-block-separator has-alpha-channel-opacity\"\/>\n\n\n\n<h3 class=\"wp-block-heading\"><strong>2. Contexto de acceso<\/strong><\/h3>\n\n\n\n<p>No se requiere acceso administrativo.<\/p>\n\n\n\n<p>El cliente puede proporcionar:<\/p>\n\n\n\n<ul class=\"wp-block-list\">\n<li>URLs p\u00fablicas<\/li>\n\n\n\n<li>Entornos de prueba<\/li>\n\n\n\n<li>Cuentas de prueba<\/li>\n\n\n\n<li>Acceso de usuario no privilegiado<\/li>\n<\/ul>\n\n\n\n<p>Las auditor\u00edas se realizan desde la perspectiva de un usuario externo o interno simulado.<\/p>\n\n\n\n<hr class=\"wp-block-separator has-alpha-channel-opacity\"\/>\n\n\n\n<h3 class=\"wp-block-heading\"><strong>3. Definici\u00f3n del alcance<\/strong><\/h3>\n\n\n\n<p>El cliente debe definir:<\/p>\n\n\n\n<ul class=\"wp-block-list\">\n<li>El contenido, los productos o las narrativas que se van a auditar<\/li>\n\n\n\n<li>Los idiomas o regiones relevantes<\/li>\n\n\n\n<li>El horizonte temporal (instant\u00e1nea \u00fanica o longitudinal)<\/li>\n<\/ul>\n\n\n\n<hr class=\"wp-block-separator has-alpha-channel-opacity\"\/>\n\n\n\n<h3 class=\"wp-block-heading\"><strong>4. Contexto de riesgo<\/strong><\/h3>\n\n\n\n<p>Comprender el riesgo es fundamental.<\/p>\n\n\n\n<p>Los clientes deben indicar si la auditor\u00eda se relaciona con:<\/p>\n\n\n\n<ul class=\"wp-block-list\">\n<li>Impacto en los ingresos<\/li>\n\n\n\n<li>Exposici\u00f3n regulatoria<\/li>\n\n\n\n<li>Riesgo de marca o reputacional<\/li>\n\n\n\n<li>Toma de decisiones operativas<\/li>\n<\/ul>\n\n\n\n<hr class=\"wp-block-separator has-alpha-channel-opacity\"\/>\n\n\n\n<h3 class=\"wp-block-heading\"><strong>5. Restricciones legales y de cumplimiento<\/strong><\/h3>\n\n\n\n<p>Cualquier restricci\u00f3n relacionada con:<\/p>\n\n\n\n<ul class=\"wp-block-list\">\n<li>Protecci\u00f3n de datos<\/li>\n\n\n\n<li>Confidencialidad<\/li>\n\n\n\n<li>Marcos regulatorios<\/li>\n<\/ul>\n\n\n\n<p>debe divulgarse antes de que comience la auditor\u00eda.<\/p>\n\n\n\n<hr class=\"wp-block-separator has-alpha-channel-opacity\"\/>\n\n\n\n<h2 class=\"wp-block-heading\"><strong>Lo que no se requiere<\/strong><\/h2>\n\n\n\n<ul class=\"wp-block-list\">\n<li>Credenciales de infraestructura<\/li>\n\n\n\n<li>C\u00f3digo fuente<\/li>\n\n\n\n<li>Datos de entrenamiento<\/li>\n\n\n\n<li>Pesos del modelo<\/li>\n\n\n\n<li>Indicaciones internas<\/li>\n<\/ul>\n\n\n\n<hr class=\"wp-block-separator has-alpha-channel-opacity is-style-wide\"\/>\n\n\n\n<div style=\"height:100px\" aria-hidden=\"true\" class=\"wp-block-spacer\"><\/div>\n<\/div>\n\n\n\n<div class=\"wp-block-column is-layout-flow wp-block-column-is-layout-flow\" style=\"flex-basis:15%\"><\/div>\n<\/div>\n","protected":false},"excerpt":{"rendered":"<p>Informaci\u00f3n necesaria para realizar una auditor\u00eda Para llevar a cabo una auditor\u00eda de integridad sem\u00e1ntica, AI ScanLab requiere la siguiente informaci\u00f3n por parte del cliente: 1. Resumen del sistema 2. Contexto de acceso No se requiere acceso administrativo. El cliente puede proporcionar: Las auditor\u00edas se realizan desde la perspectiva de un usuario externo o interno &#8230; <a title=\"Requisitos del cliente\" class=\"read-more\" href=\"https:\/\/aiscanlab.com\/es\/requisitos-del-cliente\/\" aria-label=\"Leer m\u00e1s sobre Requisitos del cliente\">Leer m\u00e1s<\/a><\/p>\n","protected":false},"author":1,"featured_media":0,"parent":0,"menu_order":0,"comment_status":"closed","ping_status":"closed","template":"","meta":{"_eb_attr":"","footnotes":""},"class_list":["post-495","page","type-page","status-publish"],"yoast_head":"<!-- This site is optimized with the Yoast SEO plugin v27.1.1 - https:\/\/yoast.com\/product\/yoast-seo-wordpress\/ -->\n<title>Requisitos del cliente - AI ScanLab<\/title>\n<meta name=\"description\" content=\"Requisitos del cliente: Descripci\u00f3n de los sistemas de IA involucrados. Identificaci\u00f3n de modelos, plataformas o agentes. Explicaci\u00f3n de c\u00f3mo se utilizan operativamente las salidas de la IA,...\" \/>\n<meta name=\"robots\" content=\"index, follow, max-snippet:-1, max-image-preview:large, max-video-preview:-1\" \/>\n<link rel=\"canonical\" href=\"https:\/\/aiscanlab.com\/es\/requisitos-del-cliente\/\" \/>\n<meta property=\"og:locale\" content=\"es_ES\" \/>\n<meta property=\"og:type\" content=\"article\" \/>\n<meta property=\"og:title\" content=\"Requisitos del cliente - AI ScanLab\" \/>\n<meta property=\"og:description\" content=\"Requisitos del cliente: Descripci\u00f3n de los sistemas de IA involucrados. Identificaci\u00f3n de modelos, plataformas o agentes. Explicaci\u00f3n de c\u00f3mo se utilizan operativamente las salidas de la IA,...\" \/>\n<meta property=\"og:url\" content=\"https:\/\/aiscanlab.com\/es\/requisitos-del-cliente\/\" \/>\n<meta property=\"og:site_name\" content=\"AI ScanLab\" \/>\n<meta property=\"article:modified_time\" content=\"2026-01-14T19:39:24+00:00\" \/>\n<meta name=\"twitter:card\" content=\"summary_large_image\" \/>\n<meta name=\"twitter:label1\" content=\"Tiempo de lectura\" \/>\n\t<meta name=\"twitter:data1\" content=\"1 minuto\" \/>\n<!-- \/ Yoast SEO plugin. -->","yoast_head_json":{"title":"Requisitos del cliente - AI ScanLab","description":"Requisitos del cliente: Descripci\u00f3n de los sistemas de IA involucrados. Identificaci\u00f3n de modelos, plataformas o agentes. Explicaci\u00f3n de c\u00f3mo se utilizan operativamente las salidas de la IA,...","robots":{"index":"index","follow":"follow","max-snippet":"max-snippet:-1","max-image-preview":"max-image-preview:large","max-video-preview":"max-video-preview:-1"},"canonical":"https:\/\/aiscanlab.com\/es\/requisitos-del-cliente\/","og_locale":"es_ES","og_type":"article","og_title":"Requisitos del cliente - AI ScanLab","og_description":"Requisitos del cliente: Descripci\u00f3n de los sistemas de IA involucrados. Identificaci\u00f3n de modelos, plataformas o agentes. Explicaci\u00f3n de c\u00f3mo se utilizan operativamente las salidas de la IA,...","og_url":"https:\/\/aiscanlab.com\/es\/requisitos-del-cliente\/","og_site_name":"AI ScanLab","article_modified_time":"2026-01-14T19:39:24+00:00","twitter_card":"summary_large_image","twitter_misc":{"Tiempo de lectura":"1 minuto"},"schema":{"@context":"https:\/\/schema.org","@graph":[{"@type":"WebPage","@id":"https:\/\/aiscanlab.com\/es\/requisitos-del-cliente\/","url":"https:\/\/aiscanlab.com\/es\/requisitos-del-cliente\/","name":"Requisitos del cliente - AI ScanLab","isPartOf":{"@id":"https:\/\/aiscanlab.com\/es\/#website"},"datePublished":"2025-12-13T10:25:26+00:00","dateModified":"2026-01-14T19:39:24+00:00","description":"Requisitos del cliente: Descripci\u00f3n de los sistemas de IA involucrados. Identificaci\u00f3n de modelos, plataformas o agentes. Explicaci\u00f3n de c\u00f3mo se utilizan operativamente las salidas de la IA,...","breadcrumb":{"@id":"https:\/\/aiscanlab.com\/es\/requisitos-del-cliente\/#breadcrumb"},"inLanguage":"es","potentialAction":[{"@type":"ReadAction","target":["https:\/\/aiscanlab.com\/es\/requisitos-del-cliente\/"]}]},{"@type":"BreadcrumbList","@id":"https:\/\/aiscanlab.com\/es\/requisitos-del-cliente\/#breadcrumb","itemListElement":[{"@type":"ListItem","position":1,"name":"Home","item":"https:\/\/aiscanlab.com\/es\/"},{"@type":"ListItem","position":2,"name":"Requisitos del cliente"}]},{"@type":"WebSite","@id":"https:\/\/aiscanlab.com\/es\/#website","url":"https:\/\/aiscanlab.com\/es\/","name":"AI ScanLab","description":"Semantic Integrity for AI systems","publisher":{"@id":"https:\/\/aiscanlab.com\/es\/#\/schema\/person\/6ac1ca28d3a73ba462c5e4a7d08c6000"},"alternateName":"aiscanlab","potentialAction":[{"@type":"SearchAction","target":{"@type":"EntryPoint","urlTemplate":"https:\/\/aiscanlab.com\/es\/?s={search_term_string}"},"query-input":{"@type":"PropertyValueSpecification","valueRequired":true,"valueName":"search_term_string"}}],"inLanguage":"es"},{"@type":["Person","Organization"],"@id":"https:\/\/aiscanlab.com\/es\/#\/schema\/person\/6ac1ca28d3a73ba462c5e4a7d08c6000","name":"Jos\u00e9 L\u00f3pez L\u00f3pez","image":{"@type":"ImageObject","inLanguage":"es","@id":"https:\/\/aiscanlab.com\/es\/#\/schema\/person\/image\/","url":"https:\/\/aiscanlab.com\/wp-content\/uploads\/2025\/12\/Fabicon_hexagono_black.png","contentUrl":"https:\/\/aiscanlab.com\/wp-content\/uploads\/2025\/12\/Fabicon_hexagono_black.png","width":512,"height":512,"caption":"Jos\u00e9 L\u00f3pez L\u00f3pez"},"logo":{"@id":"https:\/\/aiscanlab.com\/es\/#\/schema\/person\/image\/"},"sameAs":["https:\/\/aiscanlab.com"]}]}},"_hostinger_reach_plugin_has_subscription_block":false,"_hostinger_reach_plugin_is_elementor":false,"_links":{"self":[{"href":"https:\/\/aiscanlab.com\/es\/wp-json\/wp\/v2\/pages\/495","targetHints":{"allow":["GET"]}}],"collection":[{"href":"https:\/\/aiscanlab.com\/es\/wp-json\/wp\/v2\/pages"}],"about":[{"href":"https:\/\/aiscanlab.com\/es\/wp-json\/wp\/v2\/types\/page"}],"author":[{"embeddable":true,"href":"https:\/\/aiscanlab.com\/es\/wp-json\/wp\/v2\/users\/1"}],"replies":[{"embeddable":true,"href":"https:\/\/aiscanlab.com\/es\/wp-json\/wp\/v2\/comments?post=495"}],"version-history":[{"count":1,"href":"https:\/\/aiscanlab.com\/es\/wp-json\/wp\/v2\/pages\/495\/revisions"}],"predecessor-version":[{"id":496,"href":"https:\/\/aiscanlab.com\/es\/wp-json\/wp\/v2\/pages\/495\/revisions\/496"}],"wp:attachment":[{"href":"https:\/\/aiscanlab.com\/es\/wp-json\/wp\/v2\/media?parent=495"}],"curies":[{"name":"wp","href":"https:\/\/api.w.org\/{rel}","templated":true}]}}