{"id":497,"date":"2025-12-13T09:06:57","date_gmt":"2025-12-13T09:06:57","guid":{"rendered":"https:\/\/aiscanlab.com\/analisis-de-la-integridad-semantica-para-entornos-mediados-por-ia\/"},"modified":"2026-02-08T02:37:56","modified_gmt":"2026-02-08T02:37:56","slug":"analisis-de-la-integridad-semantica-para-entornos-mediados-por-ia","status":"publish","type":"page","link":"https:\/\/aiscanlab.com\/es\/analisis-de-la-integridad-semantica-para-entornos-mediados-por-ia\/","title":{"rendered":"An\u00e1lisis de la integridad sem\u00e1ntica para entornos mediados por IA"},"content":{"rendered":"\n<div style=\"height:15px\" aria-hidden=\"true\" class=\"wp-block-spacer\"><\/div>\n\n<div class=\"wp-block-columns is-layout-flex wp-container-core-columns-is-layout-9d6595d7 wp-block-columns-is-layout-flex\">\n<div class=\"wp-block-column is-layout-flow wp-block-column-is-layout-flow\" style=\"flex-basis:3%\"><\/div>\n\n\n\n<div class=\"wp-block-column is-layout-flow wp-block-column-is-layout-flow\" style=\"flex-basis:78%\">\n<h2 class=\"wp-block-heading\"><strong>An\u00e1lisis de la integridad sem\u00e1ntica para entornos mediados por IA<\/strong><\/h2>\n\n\n\n<p>AI ScanLab proporciona un an\u00e1lisis independiente de c\u00f3mo los sistemas de IA interpretan, transforman y propagan la informaci\u00f3n.<\/p>\n\n\n\n<p>Nuestro trabajo identifica la deriva sem\u00e1ntica, la inestabilidad interpretativa y el riesgo latente en entornos donde los sistemas de IA influyen en las decisiones, la visibilidad o las transacciones.<\/p>\n\n\n\n<p>Auditamos la interpretaci\u00f3n. No optimizamos contenido, no entrenamos modelos ni intervenimos en sistemas en producci\u00f3n. <\/p>\n\n\n\n<hr class=\"wp-block-separator has-alpha-channel-opacity\"\/>\n\n\n\n<h2 class=\"wp-block-heading\"><strong>Nuestros servicios<\/strong><\/h2>\n\n\n\n<h3 class=\"wp-block-heading\"><strong>Auditor\u00edas comparativas<\/strong><\/h3>\n\n\n\n<p><strong>An\u00e1lisis de posicionamiento sem\u00e1ntico frente a alternativas competidoras<\/strong><\/p>\n\n\n\n<p>Evaluamos c\u00f3mo se interpreta su posicionamiento frente a competidores, revelando d\u00f3nde la diferenciaci\u00f3n sobrevive a la interpretaci\u00f3n de la IA y d\u00f3nde colapsa en equivalencia o clasificaci\u00f3n err\u00f3nea.<\/p>\n\n\n\n<p><a href=\"https:\/\/aiscanlab.com\/es\/analisis-comparado-bajo-interpretacion-ia\/\" target=\"_blank\" rel=\"noreferrer noopener\">M\u00e1s informaci\u00f3n \u2192<\/a><\/p>\n\n\n\n<hr class=\"wp-block-separator has-alpha-channel-opacity\"\/>\n\n\n\n<h3 class=\"wp-block-heading\"><strong>Detecci\u00f3n de deriva<\/strong><\/h3>\n\n\n\n<p><strong>Seguimiento de la degradaci\u00f3n sem\u00e1ntica antes del impacto operativo<\/strong><\/p>\n\n\n\n<p>Monitorizamos c\u00f3mo evoluciona el significado despu\u00e9s de la exposici\u00f3n. Identificamos patrones de deriva, medimos tasas de acumulaci\u00f3n y predecimos cu\u00e1ndo la estabilidad interpretativa cruzar\u00e1 umbrales cr\u00edticos. <\/p>\n\n\n\n<p><a href=\"https:\/\/aiscanlab.com\/es\/deteccion-de-deriva-semantica\/\" target=\"_blank\" rel=\"noreferrer noopener\">M\u00e1s informaci\u00f3n \u2192<\/a><\/p>\n\n\n\n<hr class=\"wp-block-separator has-alpha-channel-opacity\"\/>\n\n\n\n<h3 class=\"wp-block-heading\"><strong>Evaluaci\u00f3n del riesgo interpretativo<\/strong><\/h3>\n\n\n\n<p><strong>Evaluaci\u00f3n previa a la exposici\u00f3n de las vulnerabilidades sem\u00e1nticas<\/strong><\/p>\n\n\n\n<p>Evaluamos el comportamiento interpretativo en condiciones controladas antes de que la informaci\u00f3n se exponga a los sistemas de IA operativos, identificando los puntos de fallo y las condiciones en las que la coherencia sem\u00e1ntica puede degradarse o colapsar.<\/p>\n\n\n\n<p><a href=\"https:\/\/aiscanlab.com\/es\/evaluacion-del-riesgo-interpretativo\/\" target=\"_blank\" rel=\"noreferrer noopener\">M\u00e1s informaci\u00f3n \u2192<\/a><\/p>\n\n\n\n<hr class=\"wp-block-separator has-alpha-channel-opacity\"\/>\n\n\n\n<h3 class=\"wp-block-heading\"><strong>An\u00e1lisis sem\u00e1ntico previo al lanzamiento<\/strong><\/h3>\n\n\n\n<p><strong>Comprensi\u00f3n de la interpretaci\u00f3n de la IA antes de la exposici\u00f3n al mercado<\/strong><\/p>\n\n\n\n<p>Eval\u00fae c\u00f3mo se interpretar\u00e1 el posicionamiento en relaci\u00f3n con los competidores y las alternativas del mercado antes del lanzamiento. Identifique las ventajas estructurales, las vulnerabilidades y los riesgos de convergencia. <\/p>\n\n\n\n<p><a href=\"https:\/\/aiscanlab.com\/es\/analisis-semantico-previo-al-lanzamiento\/\" target=\"_blank\" rel=\"noreferrer noopener\">M\u00e1s informaci\u00f3n \u2192<\/a><\/p>\n\n\n\n<hr class=\"wp-block-separator has-alpha-channel-opacity\"\/>\n\n\n\n<h3 class=\"wp-block-heading\"><strong>Informes independientes<\/strong><\/h3>\n\n\n\n<p><strong>Documentaci\u00f3n estructurada de la integridad sem\u00e1ntica para la gobernanza<\/strong><\/p>\n\n\n\n<p>Elaboramos informes independientes que documentan c\u00f3mo los sistemas de IA interpretan la informaci\u00f3n de la organizaci\u00f3n, adecuados para la supervisi\u00f3n de la junta directiva, la preparaci\u00f3n regulatoria o la revisi\u00f3n institucional.<\/p>\n\n\n\n<p><a href=\"https:\/\/aiscanlab.com\/es\/informe-independiente\/\" target=\"_blank\" rel=\"noreferrer noopener\">M\u00e1s informaci\u00f3n \u2192<\/a><\/p>\n\n\n\n<hr class=\"wp-block-separator has-alpha-channel-opacity\"\/>\n\n\n\n<h3 class=\"wp-block-heading\"><strong>Auditor\u00edas multiagente<\/strong><\/h3>\n\n\n\n<p><strong>Integridad sem\u00e1ntica en cadenas de agentes<\/strong><\/p>\n\n\n\n<p>Evaluamos si la intenci\u00f3n y el significado permanecen estables a medida que la informaci\u00f3n se propaga a trav\u00e9s de agentes aut\u00f3nomos o semiaut\u00f3nomos que operan en secuencia o en paralelo.<\/p>\n\n\n\n<p><a href=\"https:\/\/aiscanlab.com\/es\/auditorias-multiagente\/\" target=\"_blank\" rel=\"noreferrer noopener\">M\u00e1s informaci\u00f3n \u2192<\/a><\/p>\n\n\n\n<hr class=\"wp-block-separator has-alpha-channel-opacity\"\/>\n\n\n\n<h2 class=\"wp-block-heading\"><strong>\u00bfEst\u00e1 listo para auditar la integridad sem\u00e1ntica?<\/strong><\/h2>\n\n\n\n<p>Si los sistemas de IA interpretan, transforman o act\u00faan sobre su informaci\u00f3n, se puede auditar la integridad sem\u00e1ntica.<\/p>\n\n\n\n<p>Comprender nuestro enfoque y qu\u00e9 preparaci\u00f3n se requiere aclarar\u00e1 si nuestros servicios abordan su contexto operativo.<\/p>\n\n\n\n<p>Revise <a href=\"https:\/\/aiscanlab.com\/es\/como-trabajamos\/\" target=\"_blank\" rel=\"noreferrer noopener\">c\u00f3mo trabajamos<\/a> y los <a href=\"https:\/\/aiscanlab.com\/es\/requisitos-del-cliente\/\" target=\"_blank\" rel=\"noreferrer noopener\">requisitos del cliente<\/a> antes de la contrataci\u00f3n.<\/p>\n\n\n\n<p><a href=\"mailto:audits@aiscanlab.com\" target=\"_blank\" rel=\"noreferrer noopener\">Solicitar an\u00e1lisis \u2192<\/a><\/p>\n\n\n\n<hr class=\"wp-block-separator has-alpha-channel-opacity is-style-wide\"\/>\n\n\n\n<div style=\"height:100px\" aria-hidden=\"true\" class=\"wp-block-spacer\"><\/div>\n\n\n\n<div style=\"height:100px\" aria-hidden=\"true\" class=\"wp-block-spacer\"><\/div>\n<\/div>\n\n\n\n<div class=\"wp-block-column is-layout-flow wp-block-column-is-layout-flow\" style=\"flex-basis:15%\"><\/div>\n<\/div>\n","protected":false},"excerpt":{"rendered":"<p>An\u00e1lisis de la integridad sem\u00e1ntica para entornos mediados por IA AI ScanLab proporciona un an\u00e1lisis independiente de c\u00f3mo los sistemas de IA interpretan, transforman y propagan la informaci\u00f3n. Nuestro trabajo identifica la deriva sem\u00e1ntica, la inestabilidad interpretativa y el riesgo latente en entornos donde los sistemas de IA influyen en las decisiones, la visibilidad o &#8230; <a title=\"An\u00e1lisis de la integridad sem\u00e1ntica para entornos mediados por IA\" class=\"read-more\" href=\"https:\/\/aiscanlab.com\/es\/analisis-de-la-integridad-semantica-para-entornos-mediados-por-ia\/\" aria-label=\"Leer m\u00e1s sobre An\u00e1lisis de la integridad sem\u00e1ntica para entornos mediados por IA\">Leer m\u00e1s<\/a><\/p>\n","protected":false},"author":1,"featured_media":0,"parent":0,"menu_order":0,"comment_status":"closed","ping_status":"closed","template":"","meta":{"_eb_attr":"","footnotes":""},"class_list":["post-497","page","type-page","status-publish"],"yoast_head":"<!-- This site is optimized with the Yoast SEO plugin v27.1.1 - https:\/\/yoast.com\/product\/yoast-seo-wordpress\/ -->\n<title>An\u00e1lisis de la integridad sem\u00e1ntica para entornos mediados por IA - AI ScanLab<\/title>\n<meta name=\"description\" content=\"Nuestros servicios: AI ScanLab proporciona un an\u00e1lisis independiente de c\u00f3mo los sistemas de IA interpretan, transforman y propagan la informaci\u00f3n.\" \/>\n<meta name=\"robots\" content=\"index, follow, max-snippet:-1, max-image-preview:large, max-video-preview:-1\" \/>\n<link rel=\"canonical\" href=\"https:\/\/aiscanlab.com\/es\/analisis-de-la-integridad-semantica-para-entornos-mediados-por-ia\/\" \/>\n<meta property=\"og:locale\" content=\"es_ES\" \/>\n<meta property=\"og:type\" content=\"article\" \/>\n<meta property=\"og:title\" content=\"An\u00e1lisis de la integridad sem\u00e1ntica para entornos mediados por IA - AI ScanLab\" \/>\n<meta property=\"og:description\" content=\"Nuestros servicios: AI ScanLab proporciona un an\u00e1lisis independiente de c\u00f3mo los sistemas de IA interpretan, transforman y propagan la informaci\u00f3n.\" \/>\n<meta property=\"og:url\" content=\"https:\/\/aiscanlab.com\/es\/analisis-de-la-integridad-semantica-para-entornos-mediados-por-ia\/\" \/>\n<meta property=\"og:site_name\" content=\"AI ScanLab\" \/>\n<meta property=\"article:modified_time\" content=\"2026-02-08T02:37:56+00:00\" \/>\n<meta name=\"twitter:card\" content=\"summary_large_image\" \/>\n<meta name=\"twitter:label1\" content=\"Tiempo de lectura\" \/>\n\t<meta name=\"twitter:data1\" content=\"2 minutos\" \/>\n<!-- \/ Yoast SEO plugin. -->","yoast_head_json":{"title":"An\u00e1lisis de la integridad sem\u00e1ntica para entornos mediados por IA - AI ScanLab","description":"Nuestros servicios: AI ScanLab proporciona un an\u00e1lisis independiente de c\u00f3mo los sistemas de IA interpretan, transforman y propagan la informaci\u00f3n.","robots":{"index":"index","follow":"follow","max-snippet":"max-snippet:-1","max-image-preview":"max-image-preview:large","max-video-preview":"max-video-preview:-1"},"canonical":"https:\/\/aiscanlab.com\/es\/analisis-de-la-integridad-semantica-para-entornos-mediados-por-ia\/","og_locale":"es_ES","og_type":"article","og_title":"An\u00e1lisis de la integridad sem\u00e1ntica para entornos mediados por IA - AI ScanLab","og_description":"Nuestros servicios: AI ScanLab proporciona un an\u00e1lisis independiente de c\u00f3mo los sistemas de IA interpretan, transforman y propagan la informaci\u00f3n.","og_url":"https:\/\/aiscanlab.com\/es\/analisis-de-la-integridad-semantica-para-entornos-mediados-por-ia\/","og_site_name":"AI ScanLab","article_modified_time":"2026-02-08T02:37:56+00:00","twitter_card":"summary_large_image","twitter_misc":{"Tiempo de lectura":"2 minutos"},"schema":{"@context":"https:\/\/schema.org","@graph":[{"@type":"WebPage","@id":"https:\/\/aiscanlab.com\/es\/analisis-de-la-integridad-semantica-para-entornos-mediados-por-ia\/","url":"https:\/\/aiscanlab.com\/es\/analisis-de-la-integridad-semantica-para-entornos-mediados-por-ia\/","name":"An\u00e1lisis de la integridad sem\u00e1ntica para entornos mediados por IA - AI ScanLab","isPartOf":{"@id":"https:\/\/aiscanlab.com\/es\/#website"},"datePublished":"2025-12-13T09:06:57+00:00","dateModified":"2026-02-08T02:37:56+00:00","description":"Nuestros servicios: AI ScanLab proporciona un an\u00e1lisis independiente de c\u00f3mo los sistemas de IA interpretan, transforman y propagan la informaci\u00f3n.","breadcrumb":{"@id":"https:\/\/aiscanlab.com\/es\/analisis-de-la-integridad-semantica-para-entornos-mediados-por-ia\/#breadcrumb"},"inLanguage":"es","potentialAction":[{"@type":"ReadAction","target":["https:\/\/aiscanlab.com\/es\/analisis-de-la-integridad-semantica-para-entornos-mediados-por-ia\/"]}]},{"@type":"BreadcrumbList","@id":"https:\/\/aiscanlab.com\/es\/analisis-de-la-integridad-semantica-para-entornos-mediados-por-ia\/#breadcrumb","itemListElement":[{"@type":"ListItem","position":1,"name":"Home","item":"https:\/\/aiscanlab.com\/es\/"},{"@type":"ListItem","position":2,"name":"An\u00e1lisis de la integridad sem\u00e1ntica para entornos mediados por IA"}]},{"@type":"WebSite","@id":"https:\/\/aiscanlab.com\/es\/#website","url":"https:\/\/aiscanlab.com\/es\/","name":"AI ScanLab","description":"Semantic Integrity for AI systems","publisher":{"@id":"https:\/\/aiscanlab.com\/es\/#\/schema\/person\/6ac1ca28d3a73ba462c5e4a7d08c6000"},"alternateName":"aiscanlab","potentialAction":[{"@type":"SearchAction","target":{"@type":"EntryPoint","urlTemplate":"https:\/\/aiscanlab.com\/es\/?s={search_term_string}"},"query-input":{"@type":"PropertyValueSpecification","valueRequired":true,"valueName":"search_term_string"}}],"inLanguage":"es"},{"@type":["Person","Organization"],"@id":"https:\/\/aiscanlab.com\/es\/#\/schema\/person\/6ac1ca28d3a73ba462c5e4a7d08c6000","name":"Jos\u00e9 L\u00f3pez L\u00f3pez","image":{"@type":"ImageObject","inLanguage":"es","@id":"https:\/\/aiscanlab.com\/es\/#\/schema\/person\/image\/","url":"https:\/\/aiscanlab.com\/wp-content\/uploads\/2025\/12\/Fabicon_hexagono_black.png","contentUrl":"https:\/\/aiscanlab.com\/wp-content\/uploads\/2025\/12\/Fabicon_hexagono_black.png","width":512,"height":512,"caption":"Jos\u00e9 L\u00f3pez L\u00f3pez"},"logo":{"@id":"https:\/\/aiscanlab.com\/es\/#\/schema\/person\/image\/"},"sameAs":["https:\/\/aiscanlab.com"]}]}},"_hostinger_reach_plugin_has_subscription_block":false,"_hostinger_reach_plugin_is_elementor":false,"_links":{"self":[{"href":"https:\/\/aiscanlab.com\/es\/wp-json\/wp\/v2\/pages\/497","targetHints":{"allow":["GET"]}}],"collection":[{"href":"https:\/\/aiscanlab.com\/es\/wp-json\/wp\/v2\/pages"}],"about":[{"href":"https:\/\/aiscanlab.com\/es\/wp-json\/wp\/v2\/types\/page"}],"author":[{"embeddable":true,"href":"https:\/\/aiscanlab.com\/es\/wp-json\/wp\/v2\/users\/1"}],"replies":[{"embeddable":true,"href":"https:\/\/aiscanlab.com\/es\/wp-json\/wp\/v2\/comments?post=497"}],"version-history":[{"count":12,"href":"https:\/\/aiscanlab.com\/es\/wp-json\/wp\/v2\/pages\/497\/revisions"}],"predecessor-version":[{"id":640,"href":"https:\/\/aiscanlab.com\/es\/wp-json\/wp\/v2\/pages\/497\/revisions\/640"}],"wp:attachment":[{"href":"https:\/\/aiscanlab.com\/es\/wp-json\/wp\/v2\/media?parent=497"}],"curies":[{"name":"wp","href":"https:\/\/api.w.org\/{rel}","templated":true}]}}