{"id":516,"date":"2025-12-13T10:39:24","date_gmt":"2025-12-13T10:39:24","guid":{"rendered":"https:\/\/aiscanlab.com\/auditorias-multiagente\/"},"modified":"2026-01-15T14:51:28","modified_gmt":"2026-01-15T14:51:28","slug":"auditorias-multiagente","status":"publish","type":"page","link":"https:\/\/aiscanlab.com\/es\/auditorias-multiagente\/","title":{"rendered":"Auditor\u00edas multiagente"},"content":{"rendered":"\n<div style=\"height:15px\" aria-hidden=\"true\" class=\"wp-block-spacer\"><\/div>\n\n<div class=\"wp-block-columns is-layout-flex wp-container-core-columns-is-layout-9d6595d7 wp-block-columns-is-layout-flex\">\n<div class=\"wp-block-column is-layout-flow wp-block-column-is-layout-flow\" style=\"flex-basis:3%\"><\/div>\n\n\n\n<div class=\"wp-block-column is-layout-flow wp-block-column-is-layout-flow\" style=\"flex-basis:85%\">\n<h2 class=\"wp-block-heading\"><strong>Integridad sem\u00e1ntica en cadenas de agentes<\/strong><\/h2>\n\n\n\n<p>Los sistemas modernos de IA dependen cada vez m\u00e1s de cadenas de agentes que interact\u00faan. En estos entornos, el significado no se interpreta una sola vez, sino que se transforma repetidamente a medida que la informaci\u00f3n pasa de un agente a otro. <\/p>\n\n\n\n<p>Las auditor\u00edas multiagente eval\u00faan si la intenci\u00f3n y la coherencia sem\u00e1ntica permanecen estables a medida que el significado se propaga a trav\u00e9s de agentes aut\u00f3nomos o semiaut\u00f3nomos que operan en secuencia o en paralelo.<\/p>\n\n\n\n<hr class=\"wp-block-separator has-alpha-channel-opacity\"\/>\n\n\n\n<h2 class=\"wp-block-heading\"><strong>\u00bfQu\u00e9 es un sistema multiagente?<\/strong><\/h2>\n\n\n\n<p>Un sistema multiagente implica dos o m\u00e1s agentes de IA que:<\/p>\n\n\n\n<ul class=\"wp-block-list\">\n<li>Intercambian informaci\u00f3n interpretada<\/li>\n\n\n\n<li>Toman decisiones secuenciales o delegadas<\/li>\n\n\n\n<li>Operan de forma parcialmente aut\u00f3noma<\/li>\n\n\n\n<li>Influyen en los resultados sin validaci\u00f3n humana en cada etapa<\/li>\n<\/ul>\n\n\n\n<p><strong>Los ejemplos incluyen:<\/strong><\/p>\n\n\n\n<ul class=\"wp-block-list\">\n<li>Chatbots que dirigen solicitudes a agentes internos<\/li>\n\n\n\n<li>Sistemas de comercio basados en agentes que ejecutan decisiones de compra<\/li>\n\n\n\n<li>Flujos de trabajo B2B automatizados para la gesti\u00f3n de compras o contratos<\/li>\n\n\n\n<li>Canales operativos asistidos por IA que coordinan tareas entre sistemas<\/li>\n<\/ul>\n\n\n\n<p>En cada caso, una intenci\u00f3n humana inicial ingresa al sistema y se reinterpreta varias veces antes de producir un resultado.<\/p>\n\n\n\n<hr class=\"wp-block-separator has-alpha-channel-opacity\"\/>\n\n\n\n<h2 class=\"wp-block-heading\"><strong>Por qu\u00e9 fallan sem\u00e1nticamente los sistemas multiagente<\/strong><\/h2>\n\n\n\n<p>Los fallos sem\u00e1nticos en las cadenas de agentes rara vez se originan en un \u00fanico error. Surgen mediante la reinterpretaci\u00f3n acumulativa de variaciones sem\u00e1nticas. <\/p>\n\n\n\n<p>Los mecanismos de fallo m\u00e1s comunes incluyen:<\/p>\n\n\n\n<p><strong>P\u00e9rdida de restricciones contextuales<\/strong><br\/>Cada agente opera con un contexto limitado. Las restricciones cr\u00edticas presentes en la entrada original podr\u00edan no propagarse a trav\u00e9s de la cadena. <\/p>\n\n\n\n<p><strong>Diluci\u00f3n de la intenci\u00f3n original<\/strong><br\/>A medida que los agentes parafrasean, resumen o reformulan la informaci\u00f3n para el siguiente paso, la intenci\u00f3n original se va abstrayendo progresivamente hasta que ya no se parece a la informaci\u00f3n de entrada.<\/p>\n\n\n\n<p><strong>Objetivos de optimizaci\u00f3n conflictivos<\/strong><br\/>Distintos agentes optimizan para distintos objetivos (velocidad, coste, satisfacci\u00f3n del usuario). Cuando estos objetivos entran en conflicto, la coherencia sem\u00e1ntica se rompe. <\/p>\n\n\n\n<p><strong>Amplificaci\u00f3n estructural de la ambig\u00fcedad<\/strong><br\/>Las ambig\u00fcedades menores en las primeras etapas se agravan exponencialmente. Al llegar al agente final, la interpretaci\u00f3n puede diferir completamente del significado original. <\/p>\n\n\n\n<p>Estas fallas suelen ser invisibles en registros, m\u00e9tricas o indicadores de rendimiento. Los resultados pueden parecer correctos, pero su significado ya se ha deteriorado hasta el punto de no ser susceptibles de rendici\u00f3n de cuentas. <\/p>\n\n\n\n<hr class=\"wp-block-separator has-alpha-channel-opacity\"\/>\n\n\n\n<h2 class=\"wp-block-heading\"><strong>Qu\u00e9 auditamos en cadenas multiagente<\/strong><\/h2>\n\n\n\n<p>Nuestras auditor\u00edas se centran exclusivamente en el comportamiento interpretativo observable en las interacciones de los agentes.<\/p>\n\n\n\n<p>Nosotros analizamos:<\/p>\n\n\n\n<p><strong>Varianza en la interpretaci\u00f3n entre agentes<\/strong><br\/>\u00bfC\u00f3mo cambia el significado al pasar de un agente a otro? \u00bfD\u00f3nde introducen distorsi\u00f3n las reinterpretaciones? <\/p>\n\n\n\n<p><strong>Preservaci\u00f3n de la intenci\u00f3n en todos los pasos<\/strong><br\/>\u00bfLa acci\u00f3n final refleja la intenci\u00f3n original o la deriva sem\u00e1ntica ha generado desajustes?<\/p>\n\n\n\n<p><strong>Desviaci\u00f3n sem\u00e1ntica acumulada<\/strong><br\/>\u00bfCu\u00e1nta desviaci\u00f3n acumulada se produce entre la entrada y la salida? \u00bfLa desviaci\u00f3n es lineal o exponencial? <\/p>\n\n\n\n<p><strong>Puntos de amplificaci\u00f3n estructural<\/strong><br\/>\u00bfQu\u00e9 transiciones en la cadena introducen la reinterpretaci\u00f3n m\u00e1s significativa? \u00bfD\u00f3nde se vuelve m\u00e1s fr\u00e1gil el sistema? <\/p>\n\n\n\n<p><strong>Umbrales donde la interpretaci\u00f3n se vuelve inestable<\/strong><br\/>\u00bfEn qu\u00e9 punto la cadena pierde su responsabilidad sem\u00e1ntica? \u00bfCu\u00e1ndo se vuelve imposible la correcci\u00f3n? <\/p>\n\n\n\n<p>El objetivo es determinar d\u00f3nde se rompe la trazabilidad del significado.<\/p>\n\n\n\n<hr class=\"wp-block-separator has-alpha-channel-opacity\"\/>\n\n\n\n<h2 class=\"wp-block-heading\">C\u00f3mo se realizan las auditor\u00edas multiagente<\/h2>\n\n\n\n<p>Las auditor\u00edas multiagente se llevan a cabo mediante evaluaciones manuales dirigidas por expertos.<\/p>\n\n\n\n<p>El proceso implica:<\/p>\n\n\n\n<p><strong>Recorrido de extremo a extremo de las cadenas de agentes<\/strong><br\/>Seguimos el flujo de informaci\u00f3n desde la entrada inicial, pasando por todos los agentes intermedios, hasta la salida final.<\/p>\n\n\n\n<p><strong>Interacci\u00f3n basada en escenarios<\/strong><br\/>Los casos de uso representativos est\u00e1n dise\u00f1ados para reflejar las condiciones reales en las que opera el sistema.<\/p>\n\n\n\n<p><strong>Perturbaci\u00f3n controlada de inputs<\/strong><br\/>Introducimos variaciones en formulaci\u00f3n, contexto o restricciones para analizar c\u00f3mo responde la cadena frente a ambig\u00fcedad o escenarios l\u00edmite.<\/p>\n\n\n\n<p><strong>Observaci\u00f3n temporal en m\u00faltiples ejecuciones<\/strong><br\/>El comportamiento del agente se eval\u00faa en interacciones repetidas para identificar patrones de consistencia, varianza o inestabilidad.<\/p>\n\n\n\n<p><strong>No se requiere acceso interno.<\/strong><br\/>No se accede a c\u00f3digo, indicaciones, registros, API&#8217;s, ni l\u00f3gica propietaria. La auditor\u00eda opera completamente en la capa de interpretaci\u00f3n, tal como la experimentan usuarios reales o agentes posteriores. <\/p>\n\n\n\n<hr class=\"wp-block-separator has-alpha-channel-opacity\"\/>\n\n\n\n<h2 class=\"wp-block-heading\"><strong>Posici\u00f3n metodol\u00f3gica<\/strong><\/h2>\n\n\n\n<p>Las auditor\u00edas de AI ScanLab se realizan sin instalar herramientas ni c\u00f3digo en los sistemas auditados.<\/p>\n\n\n\n<p>No realizamos:<\/p>\n\n\n\n<ul class=\"wp-block-list\">\n<li>Implementar software<\/li>\n\n\n\n<li>Integrar APIs<\/li>\n\n\n\n<li>Acceso interno a sistemas<\/li>\n\n\n\n<li>Automatizar mediciones<\/li>\n\n\n\n<li>Supervisar sistemas en tiempo real<\/li>\n<\/ul>\n\n\n\n<p>Nuestra metodolog\u00eda se basa en observaci\u00f3n experta, interacci\u00f3n controlada y an\u00e1lisis sem\u00e1ntico del comportamiento de la IA tal como se manifiesta externamente.<\/p>\n\n\n\n<p>Este enfoque garantiza:<\/p>\n\n\n\n<ul class=\"wp-block-list\">\n<li>Independencia \u2014 Sin relaciones con proveedores ni dependencias de plataforma<\/li>\n\n\n\n<li>Sin interferencia \u2014 Sin modificaciones en sistemas en producci\u00f3n<\/li>\n\n\n\n<li>Integridad metodol\u00f3gica \u2014 Hallazgos basados en comportamiento observable, no en artefactos internos<\/li>\n\n\n\n<li>Seguridad legal y operativa \u2014 Sin acceso a sistemas o datos sensibles<\/li>\n<\/ul>\n\n\n\n<hr class=\"wp-block-separator has-alpha-channel-opacity\"\/>\n\n\n\n<h2 class=\"wp-block-heading\"><strong>Lo que usted recibe<\/strong><\/h2>\n\n\n\n<p>Los resultados entregables de las auditor\u00edas multiagente incluyen:<\/p>\n\n\n\n<p><strong>Identificaci\u00f3n de transiciones interpretativas de alto riesgo<\/strong><br\/>Puntos espec\u00edficos de traspaso entre agentes donde la degradaci\u00f3n sem\u00e1ntica es m\u00e1s severa.<\/p>\n\n\n\n<p><strong>Mapeo de puntos de acumulaci\u00f3n de deriva<\/strong><br\/>Visualizaci\u00f3n de los puntos donde la reinterpretaci\u00f3n acumulada se amplifica a lo largo de la cadena.<\/p>\n\n\n\n<p><strong>Indicadores predictivos de inestabilidad sem\u00e1ntica<\/strong><br\/>Condiciones bajo las cuales la cadena es probable que falle sem\u00e1nticamente, incluso si permanece funcional desde el punto de vista t\u00e9cnico.<\/p>\n\n\n\n<p><strong>Documentaci\u00f3n adecuada para supervisi\u00f3n de gobernanza, riesgo y cumplimiento<\/strong><br\/>Hallazgos estructurados apropiados para revisi\u00f3n por consejo directivo, preparaci\u00f3n regulatoria o evaluaci\u00f3n interna de riesgos.<\/p>\n\n\n\n<p>El resultado no es una lista de errores, sino un mapa de responsabilidad sem\u00e1ntica que muestra d\u00f3nde existe rendici\u00f3n de cuentas sobre la interpretaci\u00f3n del significado, d\u00f3nde esa rendici\u00f3n de cuentas se debilita y d\u00f3nde desaparece por completo.<\/p>\n\n\n\n<hr class=\"wp-block-separator has-alpha-channel-opacity\"\/>\n\n\n\n<h2 class=\"wp-block-heading\"><strong>Cu\u00e1ndo se recomiendan auditor\u00edas multiagente<\/strong><\/h2>\n\n\n\n<p>Las auditor\u00edas multiagente son esenciales cuando:<\/p>\n\n\n\n<p><strong>Los agentes de IA influyen en decisiones o transacciones.<\/strong><br\/>Si los agentes ejecutan acciones con consecuencias financieras, legales u operativas, la responsabilidad sem\u00e1ntica se vuelve fundamental.<\/p>\n\n\n\n<p><strong>M\u00faltiples sistemas de IA interact\u00faan sin validaci\u00f3n humana.<\/strong><br\/>Cuando los agentes operan de forma aut\u00f3noma a lo largo de varias etapas, la deriva acumulativa introduce riesgos invisibles para los mecanismos tradicionales de supervisi\u00f3n.<\/p>\n\n\n\n<p><strong>Se requiere rendici\u00f3n de cuentas o trazabilidad.<\/strong><br\/>Los entornos regulados, las obligaciones contractuales o los marcos de cumplimiento pueden exigir evidencia de que el significado se preserva a lo largo de flujos de trabajo automatizados.<\/p>\n\n\n\n<p><strong>Los errores de interpretaci\u00f3n conllevan consecuencias relevantes.<\/strong><br\/>Si un fallo sem\u00e1ntico puede derivar en p\u00e9rdidas financieras, infracciones regulatorias, da\u00f1o reputacional o disrupciones operativas, la auditor\u00eda proactiva resulta necesaria.<\/p>\n\n\n\n<hr class=\"wp-block-separator has-alpha-channel-opacity\"\/>\n\n\n\n<h2 class=\"wp-block-heading\">Cronograma e inversi\u00f3n<\/h2>\n\n\n\n<p>Duraci\u00f3n habitual: Entre 4 a 6 semanas (desde la fase inicial de definici\u00f3n hasta la entrega del informe final).<\/p>\n\n\n\n<p>Inversi\u00f3n t\u00edpica: 25.000 \u20ac \u2013 60.000 \u20ac<\/p>\n\n\n\n<p>El alcance del proyecto, el n\u00famero de agentes, la complejidad y la profundidad de la auditor\u00eda determinan el precio final. Todos los encargos se estructuran de forma individual tras una fase inicial de definici\u00f3n del proyecto. <\/p>\n\n\n\n<p>Las organizaciones que necesiten supervisi\u00f3n continua de cadenas de agentes pueden establecer contratos de seguimiento para una supervisi\u00f3n extendida.<\/p>\n\n\n\n<hr class=\"wp-block-separator has-alpha-channel-opacity\"\/>\n\n\n\n<h2 class=\"wp-block-heading\"><strong>Request Multi-Agent Audit<\/strong><\/h2>\n\n\n\n<p>Si los agentes influyen en decisiones o transacciones cr\u00edticas, la responsabilidad sem\u00e1ntica se vuelve esencial.<\/p>\n\n\n\n<p>Comprender el enfoque de nuestra auditor\u00eda y la preparaci\u00f3n requerida le permitir\u00e1 determinar si las Auditor\u00edas Multiagente se ajustan a su contexto operativo. Revise <a href=\"https:\/\/aiscanlab.com\/es\/como-trabajamos\/\" target=\"_blank\" rel=\"noreferrer noopener\">c\u00f3mo trabajamos<\/a> y los <a href=\"https:\/\/aiscanlab.com\/es\/requisitos-del-cliente\/\" target=\"_blank\" rel=\"noreferrer noopener\">requisitos del cliente<\/a> antes de la contrataci\u00f3n.<\/p>\n\n\n\n<p><a href=\"mailto:audits@aiscanlab.com\" target=\"_blank\" rel=\"noreferrer noopener\">Enviar informaci\u00f3n del proyecto para evaluaci\u00f3n<\/a><\/p>\n\n\n\n<hr class=\"wp-block-separator has-alpha-channel-opacity is-style-wide\"\/>\n\n\n\n<div style=\"height:100px\" aria-hidden=\"true\" class=\"wp-block-spacer\"><\/div>\n<\/div>\n\n\n\n<div class=\"wp-block-column is-layout-flow wp-block-column-is-layout-flow\" style=\"flex-basis:15%\"><\/div>\n<\/div>\n","protected":false},"excerpt":{"rendered":"<p>Integridad sem\u00e1ntica en cadenas de agentes Los sistemas modernos de IA dependen cada vez m\u00e1s de cadenas de agentes que interact\u00faan. En estos entornos, el significado no se interpreta una sola vez, sino que se transforma repetidamente a medida que la informaci\u00f3n pasa de un agente a otro. Las auditor\u00edas multiagente eval\u00faan si la intenci\u00f3n &#8230; <a title=\"Auditor\u00edas multiagente\" class=\"read-more\" href=\"https:\/\/aiscanlab.com\/es\/auditorias-multiagente\/\" aria-label=\"Leer m\u00e1s sobre Auditor\u00edas multiagente\">Leer m\u00e1s<\/a><\/p>\n","protected":false},"author":1,"featured_media":0,"parent":0,"menu_order":0,"comment_status":"closed","ping_status":"closed","template":"","meta":{"_eb_attr":"","footnotes":""},"class_list":["post-516","page","type-page","status-publish"],"yoast_head":"<!-- This site is optimized with the Yoast SEO plugin v27.1.1 - https:\/\/yoast.com\/product\/yoast-seo-wordpress\/ -->\n<title>Auditor\u00edas multiagente - AI ScanLab<\/title>\n<meta name=\"description\" content=\"Las Auditor\u00edas multiagente eval\u00faan si la intenci\u00f3n y la coherencia sem\u00e1ntica permanecen estables mientras el significado se propaga a trav\u00e9s de agentes aut\u00f3nomos o semiaut\u00f3nomos.\" \/>\n<meta name=\"robots\" content=\"index, follow, max-snippet:-1, max-image-preview:large, max-video-preview:-1\" \/>\n<link rel=\"canonical\" href=\"https:\/\/aiscanlab.com\/es\/auditorias-multiagente\/\" \/>\n<meta property=\"og:locale\" content=\"es_ES\" \/>\n<meta property=\"og:type\" content=\"article\" \/>\n<meta property=\"og:title\" content=\"Auditor\u00edas multiagente - AI ScanLab\" \/>\n<meta property=\"og:description\" content=\"Las Auditor\u00edas multiagente eval\u00faan si la intenci\u00f3n y la coherencia sem\u00e1ntica permanecen estables mientras el significado se propaga a trav\u00e9s de agentes aut\u00f3nomos o semiaut\u00f3nomos.\" \/>\n<meta property=\"og:url\" content=\"https:\/\/aiscanlab.com\/es\/auditorias-multiagente\/\" \/>\n<meta property=\"og:site_name\" content=\"AI ScanLab\" \/>\n<meta property=\"article:modified_time\" content=\"2026-01-15T14:51:28+00:00\" \/>\n<meta name=\"twitter:card\" content=\"summary_large_image\" \/>\n<meta name=\"twitter:label1\" content=\"Tiempo de lectura\" \/>\n\t<meta name=\"twitter:data1\" content=\"7 minutos\" \/>\n<!-- \/ Yoast SEO plugin. -->","yoast_head_json":{"title":"Auditor\u00edas multiagente - AI ScanLab","description":"Las Auditor\u00edas multiagente eval\u00faan si la intenci\u00f3n y la coherencia sem\u00e1ntica permanecen estables mientras el significado se propaga a trav\u00e9s de agentes aut\u00f3nomos o semiaut\u00f3nomos.","robots":{"index":"index","follow":"follow","max-snippet":"max-snippet:-1","max-image-preview":"max-image-preview:large","max-video-preview":"max-video-preview:-1"},"canonical":"https:\/\/aiscanlab.com\/es\/auditorias-multiagente\/","og_locale":"es_ES","og_type":"article","og_title":"Auditor\u00edas multiagente - AI ScanLab","og_description":"Las Auditor\u00edas multiagente eval\u00faan si la intenci\u00f3n y la coherencia sem\u00e1ntica permanecen estables mientras el significado se propaga a trav\u00e9s de agentes aut\u00f3nomos o semiaut\u00f3nomos.","og_url":"https:\/\/aiscanlab.com\/es\/auditorias-multiagente\/","og_site_name":"AI ScanLab","article_modified_time":"2026-01-15T14:51:28+00:00","twitter_card":"summary_large_image","twitter_misc":{"Tiempo de lectura":"7 minutos"},"schema":{"@context":"https:\/\/schema.org","@graph":[{"@type":"WebPage","@id":"https:\/\/aiscanlab.com\/es\/auditorias-multiagente\/","url":"https:\/\/aiscanlab.com\/es\/auditorias-multiagente\/","name":"Auditor\u00edas multiagente - AI ScanLab","isPartOf":{"@id":"https:\/\/aiscanlab.com\/es\/#website"},"datePublished":"2025-12-13T10:39:24+00:00","dateModified":"2026-01-15T14:51:28+00:00","description":"Las Auditor\u00edas multiagente eval\u00faan si la intenci\u00f3n y la coherencia sem\u00e1ntica permanecen estables mientras el significado se propaga a trav\u00e9s de agentes aut\u00f3nomos o semiaut\u00f3nomos.","breadcrumb":{"@id":"https:\/\/aiscanlab.com\/es\/auditorias-multiagente\/#breadcrumb"},"inLanguage":"es","potentialAction":[{"@type":"ReadAction","target":["https:\/\/aiscanlab.com\/es\/auditorias-multiagente\/"]}]},{"@type":"BreadcrumbList","@id":"https:\/\/aiscanlab.com\/es\/auditorias-multiagente\/#breadcrumb","itemListElement":[{"@type":"ListItem","position":1,"name":"Home","item":"https:\/\/aiscanlab.com\/es\/"},{"@type":"ListItem","position":2,"name":"Auditor\u00edas multiagente"}]},{"@type":"WebSite","@id":"https:\/\/aiscanlab.com\/es\/#website","url":"https:\/\/aiscanlab.com\/es\/","name":"AI ScanLab","description":"Semantic Integrity for AI systems","publisher":{"@id":"https:\/\/aiscanlab.com\/es\/#\/schema\/person\/6ac1ca28d3a73ba462c5e4a7d08c6000"},"alternateName":"aiscanlab","potentialAction":[{"@type":"SearchAction","target":{"@type":"EntryPoint","urlTemplate":"https:\/\/aiscanlab.com\/es\/?s={search_term_string}"},"query-input":{"@type":"PropertyValueSpecification","valueRequired":true,"valueName":"search_term_string"}}],"inLanguage":"es"},{"@type":["Person","Organization"],"@id":"https:\/\/aiscanlab.com\/es\/#\/schema\/person\/6ac1ca28d3a73ba462c5e4a7d08c6000","name":"Jos\u00e9 L\u00f3pez L\u00f3pez","image":{"@type":"ImageObject","inLanguage":"es","@id":"https:\/\/aiscanlab.com\/es\/#\/schema\/person\/image\/","url":"https:\/\/aiscanlab.com\/wp-content\/uploads\/2025\/12\/Fabicon_hexagono_black.png","contentUrl":"https:\/\/aiscanlab.com\/wp-content\/uploads\/2025\/12\/Fabicon_hexagono_black.png","width":512,"height":512,"caption":"Jos\u00e9 L\u00f3pez L\u00f3pez"},"logo":{"@id":"https:\/\/aiscanlab.com\/es\/#\/schema\/person\/image\/"},"sameAs":["https:\/\/aiscanlab.com"]}]}},"_hostinger_reach_plugin_has_subscription_block":false,"_hostinger_reach_plugin_is_elementor":false,"_links":{"self":[{"href":"https:\/\/aiscanlab.com\/es\/wp-json\/wp\/v2\/pages\/516","targetHints":{"allow":["GET"]}}],"collection":[{"href":"https:\/\/aiscanlab.com\/es\/wp-json\/wp\/v2\/pages"}],"about":[{"href":"https:\/\/aiscanlab.com\/es\/wp-json\/wp\/v2\/types\/page"}],"author":[{"embeddable":true,"href":"https:\/\/aiscanlab.com\/es\/wp-json\/wp\/v2\/users\/1"}],"replies":[{"embeddable":true,"href":"https:\/\/aiscanlab.com\/es\/wp-json\/wp\/v2\/comments?post=516"}],"version-history":[{"count":11,"href":"https:\/\/aiscanlab.com\/es\/wp-json\/wp\/v2\/pages\/516\/revisions"}],"predecessor-version":[{"id":529,"href":"https:\/\/aiscanlab.com\/es\/wp-json\/wp\/v2\/pages\/516\/revisions\/529"}],"wp:attachment":[{"href":"https:\/\/aiscanlab.com\/es\/wp-json\/wp\/v2\/media?parent=516"}],"curies":[{"name":"wp","href":"https:\/\/api.w.org\/{rel}","templated":true}]}}