{"id":672,"date":"2026-01-06T05:25:19","date_gmt":"2026-01-06T05:25:19","guid":{"rendered":"https:\/\/aiscanlab.com\/cookie-policy-eu\/"},"modified":"2026-02-27T09:06:08","modified_gmt":"2026-02-27T09:06:08","slug":"cookie-policy-eu","status":"publish","type":"page","link":"https:\/\/aiscanlab.com\/es\/cookie-policy-eu\/","title":{"rendered":"Cookie Policy (EU)"},"content":{"rendered":"\n<div style=\"height:15px\" aria-hidden=\"true\" class=\"wp-block-spacer\"><\/div>\n\n\n\n<div class=\"wp-block-columns is-layout-flex wp-container-core-columns-is-layout-9d6595d7 wp-block-columns-is-layout-flex\">\n<div class=\"wp-block-column is-layout-flow wp-block-column-is-layout-flow\" style=\"flex-basis:3%\"><\/div>\n\n\n\n<div class=\"wp-block-column is-layout-flow wp-block-column-is-layout-flow\" style=\"flex-basis:90%\">\n<p>\u00daltima actualizaci\u00f3n: 10 de enero de 2026<\/p>\n\n\n\n<p>Esta Pol\u00edtica de Cookies se aplica a los ciudadanos y a los residentes legales permanentes del Espacio Econ\u00f3mico Europeo y Suiza.<\/p>\n\n\n\n<hr class=\"wp-block-separator has-alpha-channel-opacity\"\/>\n\n\n\n<h2 class=\"wp-block-heading\"><strong>Introducci\u00f3n<\/strong><\/h2>\n\n\n\n<p>Nuestro sitio web,<a href=\"https:\/\/aiscanlab.com\/es\/\" target=\"_blank\" rel=\"noreferrer noopener\"> https:\/\/aiscanlab.com<\/a> (en adelante, \u00abel sitio web\u00bb), utiliza cookies y otras tecnolog\u00edas relacionadas (para mayor comodidad, todas estas tecnolog\u00edas se denominan \u00abcookies\u00bb). Las cookies tambi\u00e9n pueden ser colocadas por terceros que hemos contratado. En el documento a continuaci\u00f3n te informamos sobre el uso de cookies en nuestro sitio web.<\/p>\n\n\n\n<hr class=\"wp-block-separator has-alpha-channel-opacity\"\/>\n\n\n\n<h2 class=\"wp-block-heading\"><strong>2. \u00bfQu\u00e9 son las cookies?<\/strong><\/h2>\n\n\n\n<p>Una cookie es un peque\u00f1o archivo simple que se env\u00eda junto con las p\u00e1ginas de este sitio web y que tu navegador almacena en el disco duro de tu ordenador u otro dispositivo. La informaci\u00f3n almacenada en ellas puede ser devuelta a nuestros servidores o a los servidores de terceros relevantes durante una visita posterior.<\/p>\n\n\n\n<hr class=\"wp-block-separator has-alpha-channel-opacity\"\/>\n\n\n\n<h2 class=\"wp-block-heading\"><strong>3. \u00bfQu\u00e9 son los scripts?<\/strong><\/h2>\n\n\n\n<p>Un script es un fragmento de c\u00f3digo que se utiliza para que nuestro sitio web funcione correctamente y de forma interactiva. Este c\u00f3digo se ejecuta en nuestro servidor o en tu dispositivo.<\/p>\n\n\n\n<hr class=\"wp-block-separator has-alpha-channel-opacity\"\/>\n\n\n\n<h2 class=\"wp-block-heading\"><strong>4. \u00bfQu\u00e9 es un web beacon?<\/strong><\/h2>\n\n\n\n<p>Un web beacon (o pixel tag) es un peque\u00f1o fragmento invisible de texto o imagen en un sitio web que se utiliza para monitorizar el tr\u00e1fico. Para ello, se almacenan diversos datos sobre ti mediante web beacons.<\/p>\n\n\n\n<hr class=\"wp-block-separator has-alpha-channel-opacity\"\/>\n\n\n\n<h2 class=\"wp-block-heading\"><strong>5. Cookies<\/strong><\/h2>\n\n\n\n<h3 class=\"wp-block-heading\"><strong>5.1 Cookies t\u00e9cnicas o funcionales<\/strong><\/h3>\n\n\n\n<p>Algunas cookies garantizan que ciertas partes del sitio web funcionen correctamente y que tus preferencias de usuario se mantengan. Al colocar cookies funcionales, facilitamos tu visita a nuestro sitio web. De este modo, no necesitas introducir repetidamente la misma informaci\u00f3n cuando lo visitas. Podemos colocar estas cookies sin tu consentimiento.<\/p>\n\n\n\n<hr class=\"wp-block-separator has-alpha-channel-opacity\"\/>\n\n\n\n<h2 class=\"wp-block-heading\"><strong>6. Cookies utilizadas<\/strong><\/h2>\n\n\n\n<h3 class=\"wp-block-heading\"><strong>WordPress<\/strong><\/h3>\n\n\n\n<p><strong>Categor\u00eda:<\/strong> Funcional<\/p>\n\n\n\n<p><strong>Uso:<\/strong> Utilizamos WordPress para el desarrollo del sitio web.<\/p>\n\n\n\n<p><strong>Compartici\u00f3n de datos:<\/strong> Estos datos no se comparten con terceros.<\/p>\n\n\n\n<p><strong>Cookies funcionales:<\/strong><\/p>\n\n\n\n<figure class=\"wp-block-table\"><table><thead><tr><th>Nombre<\/th><th>Expiraci\u00f3n<\/th><th>Funci\u00f3n<\/th><\/tr><\/thead><tbody><tr><td>WP_PREFERENCES_USER_*<\/td><td><br>persistente<\/td><td>Almacenar preferencias del usuario<\/td><\/tr><tr><td>wpEmojiSettingsSupports<\/td><td>sesi\u00f3n<\/td><td><br>Almacenar detalles del navegador<\/td><\/tr><tr><td>wp-settings-*<\/td><td>persistente<\/td><td>Almacenar preferencias del usuario<\/td><\/tr><tr><td>wordpress_test_cookie<\/td><td>sesi\u00f3n<\/td><td>Verificar si se pueden colocar cookies<\/td><\/tr><tr><td>wp_lang<\/td><td>sesi\u00f3n<\/td><td>Almacenar ajustes de idioma<\/td><\/tr><tr><td>wordpress_logged_in_*<\/td><td>persistente<\/td><td>Almacenar usuarios conectados<\/td><\/tr><tr><td>wp-settings-time-1<\/td><td>persistente<\/td><td>Almacenar marca temporal de preferencias<\/td><\/tr><\/tbody><\/table><\/figure>\n\n\n\n<hr class=\"wp-block-separator has-alpha-channel-opacity\"\/>\n\n\n\n<h3 class=\"wp-block-heading\"><strong>LiteSpeed<\/strong><\/h3>\n\n\n\n<p><strong>Categor\u00eda:<\/strong> Funcional<\/p>\n\n\n\n<p><strong>Uso:<\/strong> Utilizamos LiteSpeed para alojamiento web y optimizaci\u00f3n de cach\u00e9.<\/p>\n\n\n\n<p><strong>Compartici\u00f3n de datos:<\/strong> No se comparten datos con terceros.<\/p>\n\n\n\n<p><strong>Cookies funcionales:<\/strong><\/p>\n\n\n\n<figure class=\"wp-block-table\"><table><thead><tr><th>Nombre<\/th><th>Expiraci\u00f3n<\/th><th>Funci\u00f3n<\/th><\/tr><\/thead><tbody><tr><td>_lscache_vary<\/td><td>2 d\u00edas<\/td><td>Evitar p\u00e1ginas en cach\u00e9 cuando no corresponde<\/td><\/tr><tr><td>litespeed_qc_hide_banner<\/td><td>persistente<\/td><td>Almacena preferencia de visualizaci\u00f3n del banner<\/td><\/tr><\/tbody><\/table><\/figure>\n\n\n\n<hr class=\"wp-block-separator has-alpha-channel-opacity\"\/>\n\n\n\n<h3 class=\"wp-block-heading\"><strong>Complianz<\/strong><\/h3>\n\n\n\n<p><strong>Categor\u00eda:<\/strong> Funcional<\/p>\n\n\n\n<p><strong>Uso:<\/strong> Gesti\u00f3n del consentimiento de cookies.<\/p>\n\n\n\n<p><strong>Compartici\u00f3n de datos:<\/strong> No se comparten datos con terceros. Para m\u00e1s informaci\u00f3n, consulta la Declaraci\u00f3n de Privacidad de Complianz.<\/p>\n\n\n\n<p><strong>Cookies funcionales:<\/strong><\/p>\n\n\n\n<figure class=\"wp-block-table\"><table><thead><tr><th>Nombre<\/th><th>Expiraci\u00f3n<\/th><th>Funci\u00f3n<\/th><\/tr><\/thead><tbody><tr><td>cmplz_functional<\/td><td>365 d\u00edas<\/td><td>Almacenar preferencias de consentimiento<\/td><\/tr><tr><td>cmplz_preferences<\/td><td>365 d\u00edas<\/td><td>Almacenar preferencias de consentimiento<\/td><\/tr><tr><td>cmplz_marketing<\/td><td>365 d\u00edas<\/td><td>Almacenar preferencias de consentimiento<\/td><\/tr><tr><td>cmplz_consented_services<\/td><td>365 d\u00edas<\/td><td>Almacenar servicios consentidos<\/td><\/tr><tr><td>cmplz_policy_id<\/td><td>365 d\u00edas<\/td><td>Almacenar identificador de versi\u00f3n de pol\u00edtica<\/td><\/tr><tr><td>cmplz_statistics<\/td><td>365 d\u00edas<\/td><td>Almacenar consentimiento de estad\u00edsticas<\/td><\/tr><tr><td>cmplz_banner-status<\/td><td>365 d\u00edas<\/td><td>Almacenar estado de interacci\u00f3n con el banner<\/td><\/tr><\/tbody><\/table><\/figure>\n\n\n\n<hr class=\"wp-block-separator has-alpha-channel-opacity\"\/>\n\n\n\n<h3 class=\"wp-block-heading\"><strong>Administraci\u00f3n del sitio web<\/strong><\/h3>\n\n\n\n<p><strong>Categor\u00eda:<\/strong> Funcional<\/p>\n\n\n\n<p><strong>Uso:<\/strong> Configuraci\u00f3n interna del sitio web y preferencias de administraci\u00f3n.<\/p>\n\n\n\n<p><strong>Compartici\u00f3n de datos:<\/strong> No se comparten datos con terceros.<\/p>\n\n\n\n<p><strong>Cookies funcionales:<\/strong><\/p>\n\n\n\n<figure class=\"wp-block-table\"><table class=\"has-fixed-layout\"><thead><tr><th>Nombre<\/th><th>Expiraci\u00f3n<\/th><th>Funci\u00f3n<\/th><\/tr><\/thead><tbody><tr><td>hst_ai_blocks_added<\/td><td>persistente<\/td><td>Registrar bloques de IA a\u00f1adidos<\/td><\/tr><tr><td>onboarding-setup-store<\/td><td>persistente<\/td><td>Almacenar configuraci\u00f3n de onboarding<\/td><\/tr><tr><td>settings-store<\/td><td>persistente<\/td><td>Almacenar ajustes administrativos<\/td><\/tr><tr><td>greeting_screen_visited_v1<\/td><td>persistente<\/td><td>Registrar visualizaci\u00f3n de pantalla de bienvenida<\/td><\/tr><tr><td>general-data-store<\/td><td>persistente<\/td><td>Almacenar datos de configuraci\u00f3n general<\/td><\/tr><tr><td>kodee_pro_banner_dismissed<\/td><td>persistente<\/td><td>Registrar cierre del banner<\/td><\/tr><tr><td>trigger-hosting-status-daily-shown-event<\/td><td>persistente<\/td><td>Registrar notificaciones diarias de hosting<\/td><\/tr><tr><td>trigger-domain-status-daily-shown-event<\/td><td>persistente<\/td><td>Registrar notificaciones diarias de dominio<\/td><\/tr><\/tbody><\/table><\/figure>\n\n\n\n<hr class=\"wp-block-separator has-alpha-channel-opacity\"\/>\n\n\n\n<h2 class=\"wp-block-heading\"><strong>7. Consentimiento<\/strong><\/h2>\n\n\n\n<p>Cuando visites nuestro sitio web por primera vez, te mostraremos un pop\u2011up con una explicaci\u00f3n sobre las cookies. En cuanto hagas clic en \u00abGuardar preferencias\u00bb, nos das tu consentimiento para usar las categor\u00edas de cookies y complementos que seleccionaste en el pop\u2011up, tal como se describe en esta Pol\u00edtica de Cookies. Puedes desactivar el uso de cookies desde tu navegador, pero ten en cuenta que nuestro sitio web puede dejar de funcionar correctamente.<\/p>\n\n\n\n<h3 class=\"wp-block-heading\"><strong>7.1 Gestionar tus ajustes de consentimiento<\/strong><\/h3>\n\n\n\n<p>Funcionales: Siempre activas<\/p>\n\n\n\n<hr class=\"wp-block-separator has-alpha-channel-opacity\"\/>\n\n\n\n<h2 class=\"wp-block-heading\"><strong>8. Activar\/desactivar y eliminar cookies<\/strong><\/h2>\n\n\n\n<p>Puedes usar tu navegador para eliminar cookies de forma autom\u00e1tica o manual. Tambi\u00e9n puedes especificar que ciertas cookies no se coloquen. Otra opci\u00f3n es configurar tu navegador para que te avise cada vez que se coloque una cookie. Para m\u00e1s informaci\u00f3n, consulta la secci\u00f3n de Ayuda de tu navegador.<\/p>\n\n\n\n<p>Ten en cuenta que nuestro sitio web puede no funcionar correctamente si desactivas todas las cookies. Si eliminas las cookies de tu navegador, se volver\u00e1n a colocar tras tu consentimiento cuando visites nuestro sitio web nuevamente.<\/p>\n\n\n\n<hr class=\"wp-block-separator has-alpha-channel-opacity\"\/>\n\n\n\n<h2 class=\"wp-block-heading\"><strong>9. Tus derechos respecto a los datos personales<\/strong><\/h2>\n\n\n\n<p>Tienes los siguientes derechos respecto a tus datos personales:<\/p>\n\n\n\n<ul class=\"wp-block-list\">\n<li>Derecho a saber por qu\u00e9 se necesitan tus datos, qu\u00e9 ocurrir\u00e1 con ellos y durante cu\u00e1nto tiempo se conservar\u00e1n.<\/li>\n\n\n\n<li><strong>Derecho de acceso:<\/strong> puedes solicitar acceso a tus datos personales que conocemos.<\/li>\n\n\n\n<li><strong>Derecho de rectificaci\u00f3n:<\/strong> puedes completar, corregir, eliminar o bloquear tus datos personales en cualquier momento.<\/li>\n\n\n\n<li>Si nos das tu consentimiento para procesar tus datos, tienes derecho a retirarlo y a que tus datos sean eliminados.<\/li>\n\n\n\n<li><strong>Derecho a la portabilidad:<\/strong> puedes solicitar todos tus datos personales y transferirlos \u00edntegramente a otro responsable del tratamiento.<\/li>\n\n\n\n<li><strong>Derecho de oposici\u00f3n:<\/strong> puedes oponerte al tratamiento de tus datos. Cumpliremos con ello salvo que existan motivos leg\u00edtimos para continuar el tratamiento.<\/li>\n<\/ul>\n\n\n\n<p>Para ejercer estos derechos, cont\u00e1ctanos utilizando los datos que aparecen al final de esta Pol\u00edtica de Cookies. Si tienes una queja sobre c\u00f3mo tratamos tus datos, nos gustar\u00eda saberlo, pero tambi\u00e9n tienes derecho a presentar una reclamaci\u00f3n ante la autoridad de control (la Autoridad de Protecci\u00f3n de Datos).<\/p>\n\n\n\n<hr class=\"wp-block-separator has-alpha-channel-opacity\"\/>\n\n\n\n<h2 class=\"wp-block-heading\"><strong>10. Datos de contacto<\/strong><\/h2>\n\n\n\n<p>Para preguntas y\/o comentarios sobre nuestra Pol\u00edtica de Cookies y esta declaraci\u00f3n, puedes contactarnos utilizando los siguientes datos:<\/p>\n\n\n\n<p><strong>Jos\u00e9 L\u00f3pez<\/strong><br>Francia<br>Website: <a href=\"https:\/\/aiscanlab.com\/es\/\" target=\"_blank\" rel=\"noreferrer noopener\">https:\/\/aiscanlab.com<\/a><br>Email: <a href=\"mailto:info@aiscanlab.com\" target=\"_blank\" rel=\"noreferrer noopener\">info@aiscanlab.com<\/a><\/p>\n\n\n\n<hr class=\"wp-block-separator has-alpha-channel-opacity\"\/>\n\n\n\n<p>Esta Pol\u00edtica de Cookies se sincroniz\u00f3 por \u00faltima vez el 10 de enero de 2026.<\/p>\n<\/div>\n\n\n\n<div class=\"wp-block-column is-layout-flow wp-block-column-is-layout-flow\" style=\"flex-basis:5%\"><\/div>\n<\/div>\n","protected":false},"excerpt":{"rendered":"<p>\u00daltima actualizaci\u00f3n: 10 de enero de 2026 Esta Pol\u00edtica de Cookies se aplica a los ciudadanos y a los residentes legales permanentes del Espacio Econ\u00f3mico Europeo y Suiza. Introducci\u00f3n Nuestro sitio web, https:\/\/aiscanlab.com (en adelante, \u00abel sitio web\u00bb), utiliza cookies y otras tecnolog\u00edas relacionadas (para mayor comodidad, todas estas tecnolog\u00edas se denominan \u00abcookies\u00bb). Las cookies &#8230; <a title=\"Cookie Policy (EU)\" class=\"read-more\" href=\"https:\/\/aiscanlab.com\/es\/cookie-policy-eu\/\" aria-label=\"Leer m\u00e1s sobre Cookie Policy (EU)\">Leer m\u00e1s<\/a><\/p>\n","protected":false},"author":1,"featured_media":0,"parent":0,"menu_order":0,"comment_status":"closed","ping_status":"closed","template":"","meta":{"_eb_attr":"","footnotes":""},"class_list":["post-672","page","type-page","status-publish"],"yoast_head":"<!-- This site is optimized with the Yoast SEO plugin v27.1.1 - https:\/\/yoast.com\/product\/yoast-seo-wordpress\/ -->\n<title>Cookie Policy (EU) - AI ScanLab<\/title>\n<meta name=\"description\" content=\"This Cookie Policy applies to citizens and legal permanent residents of the European Economic Area and Switzerland.\" \/>\n<meta name=\"robots\" content=\"index, follow, max-snippet:-1, max-image-preview:large, max-video-preview:-1\" \/>\n<link rel=\"canonical\" href=\"https:\/\/aiscanlab.com\/es\/cookie-policy-eu\/\" \/>\n<meta property=\"og:locale\" content=\"es_ES\" \/>\n<meta property=\"og:type\" content=\"article\" \/>\n<meta property=\"og:title\" content=\"Cookie Policy (EU) - AI ScanLab\" \/>\n<meta property=\"og:description\" content=\"This Cookie Policy applies to citizens and legal permanent residents of the European Economic Area and Switzerland.\" \/>\n<meta property=\"og:url\" content=\"https:\/\/aiscanlab.com\/es\/cookie-policy-eu\/\" \/>\n<meta property=\"og:site_name\" content=\"AI ScanLab\" \/>\n<meta property=\"article:modified_time\" content=\"2026-02-27T09:06:08+00:00\" \/>\n<meta name=\"twitter:card\" content=\"summary_large_image\" \/>\n<meta name=\"twitter:label1\" content=\"Tiempo de lectura\" \/>\n\t<meta name=\"twitter:data1\" content=\"5 minutos\" \/>\n<!-- \/ Yoast SEO plugin. -->","yoast_head_json":{"title":"Cookie Policy (EU) - AI ScanLab","description":"This Cookie Policy applies to citizens and legal permanent residents of the European Economic Area and Switzerland.","robots":{"index":"index","follow":"follow","max-snippet":"max-snippet:-1","max-image-preview":"max-image-preview:large","max-video-preview":"max-video-preview:-1"},"canonical":"https:\/\/aiscanlab.com\/es\/cookie-policy-eu\/","og_locale":"es_ES","og_type":"article","og_title":"Cookie Policy (EU) - AI ScanLab","og_description":"This Cookie Policy applies to citizens and legal permanent residents of the European Economic Area and Switzerland.","og_url":"https:\/\/aiscanlab.com\/es\/cookie-policy-eu\/","og_site_name":"AI ScanLab","article_modified_time":"2026-02-27T09:06:08+00:00","twitter_card":"summary_large_image","twitter_misc":{"Tiempo de lectura":"5 minutos"},"schema":{"@context":"https:\/\/schema.org","@graph":[{"@type":"WebPage","@id":"https:\/\/aiscanlab.com\/es\/cookie-policy-eu\/","url":"https:\/\/aiscanlab.com\/es\/cookie-policy-eu\/","name":"Cookie Policy (EU) - AI ScanLab","isPartOf":{"@id":"https:\/\/aiscanlab.com\/es\/#website"},"datePublished":"2026-01-06T05:25:19+00:00","dateModified":"2026-02-27T09:06:08+00:00","description":"This Cookie Policy applies to citizens and legal permanent residents of the European Economic Area and Switzerland.","breadcrumb":{"@id":"https:\/\/aiscanlab.com\/es\/cookie-policy-eu\/#breadcrumb"},"inLanguage":"es","potentialAction":[{"@type":"ReadAction","target":["https:\/\/aiscanlab.com\/es\/cookie-policy-eu\/"]}]},{"@type":"BreadcrumbList","@id":"https:\/\/aiscanlab.com\/es\/cookie-policy-eu\/#breadcrumb","itemListElement":[{"@type":"ListItem","position":1,"name":"Home","item":"https:\/\/aiscanlab.com\/es\/"},{"@type":"ListItem","position":2,"name":"Cookie Policy (EU)"}]},{"@type":"WebSite","@id":"https:\/\/aiscanlab.com\/es\/#website","url":"https:\/\/aiscanlab.com\/es\/","name":"AI ScanLab","description":"Semantic Integrity for AI systems","publisher":{"@id":"https:\/\/aiscanlab.com\/es\/#\/schema\/person\/6ac1ca28d3a73ba462c5e4a7d08c6000"},"alternateName":"aiscanlab","potentialAction":[{"@type":"SearchAction","target":{"@type":"EntryPoint","urlTemplate":"https:\/\/aiscanlab.com\/es\/?s={search_term_string}"},"query-input":{"@type":"PropertyValueSpecification","valueRequired":true,"valueName":"search_term_string"}}],"inLanguage":"es"},{"@type":["Person","Organization"],"@id":"https:\/\/aiscanlab.com\/es\/#\/schema\/person\/6ac1ca28d3a73ba462c5e4a7d08c6000","name":"Jos\u00e9 L\u00f3pez L\u00f3pez","image":{"@type":"ImageObject","inLanguage":"es","@id":"https:\/\/aiscanlab.com\/es\/#\/schema\/person\/image\/","url":"https:\/\/aiscanlab.com\/wp-content\/uploads\/2025\/12\/Fabicon_hexagono_black.png","contentUrl":"https:\/\/aiscanlab.com\/wp-content\/uploads\/2025\/12\/Fabicon_hexagono_black.png","width":512,"height":512,"caption":"Jos\u00e9 L\u00f3pez L\u00f3pez"},"logo":{"@id":"https:\/\/aiscanlab.com\/es\/#\/schema\/person\/image\/"},"sameAs":["https:\/\/aiscanlab.com"]}]}},"_hostinger_reach_plugin_has_subscription_block":false,"_hostinger_reach_plugin_is_elementor":false,"_links":{"self":[{"href":"https:\/\/aiscanlab.com\/es\/wp-json\/wp\/v2\/pages\/672","targetHints":{"allow":["GET"]}}],"collection":[{"href":"https:\/\/aiscanlab.com\/es\/wp-json\/wp\/v2\/pages"}],"about":[{"href":"https:\/\/aiscanlab.com\/es\/wp-json\/wp\/v2\/types\/page"}],"author":[{"embeddable":true,"href":"https:\/\/aiscanlab.com\/es\/wp-json\/wp\/v2\/users\/1"}],"replies":[{"embeddable":true,"href":"https:\/\/aiscanlab.com\/es\/wp-json\/wp\/v2\/comments?post=672"}],"version-history":[{"count":4,"href":"https:\/\/aiscanlab.com\/es\/wp-json\/wp\/v2\/pages\/672\/revisions"}],"predecessor-version":[{"id":741,"href":"https:\/\/aiscanlab.com\/es\/wp-json\/wp\/v2\/pages\/672\/revisions\/741"}],"wp:attachment":[{"href":"https:\/\/aiscanlab.com\/es\/wp-json\/wp\/v2\/media?parent=672"}],"curies":[{"name":"wp","href":"https:\/\/api.w.org\/{rel}","templated":true}]}}