{"id":674,"date":"2026-01-06T04:39:29","date_gmt":"2026-01-06T04:39:29","guid":{"rendered":"https:\/\/aiscanlab.com\/aviso-legal\/"},"modified":"2026-02-10T18:21:34","modified_gmt":"2026-02-10T18:21:34","slug":"aviso-legal","status":"publish","type":"page","link":"https:\/\/aiscanlab.com\/es\/aviso-legal\/","title":{"rendered":"Aviso legal"},"content":{"rendered":"\n<div style=\"height:15px\" aria-hidden=\"true\" class=\"wp-block-spacer\"><\/div>\n\n<div class=\"wp-block-columns is-layout-flex wp-container-core-columns-is-layout-9d6595d7 wp-block-columns-is-layout-flex\">\n<div class=\"wp-block-column is-layout-flow wp-block-column-is-layout-flow\" style=\"flex-basis:3%\"><\/div>\n\n\n\n<div class=\"wp-block-column is-layout-flow wp-block-column-is-layout-flow\" style=\"flex-basis:85%\">\n<p><strong>Aviso legal<\/strong><\/p>\n\n\n\n<p>La informaci\u00f3n, los an\u00e1lisis y los servicios proporcionados por AI ScanLab est\u00e1n destinados exclusivamente a fines informativos, anal\u00edticos y de investigaci\u00f3n.<\/p>\n\n\n\n<p>AI ScanLab <strong>no<\/strong> proporciona:<\/p>\n\n\n\n<ul class=\"wp-block-list\">\n<li>asesoramiento legal<\/li>\n\n\n\n<li>asesoramiento financiero o de inversi\u00f3n<\/li>\n\n\n\n<li>certificaci\u00f3n regulatoria<\/li>\n\n\n\n<li>garant\u00edas de cumplimiento<\/li>\n\n\n\n<li>evaluaciones de riesgo vinculantes<\/li>\n<\/ul>\n\n\n\n<p>Todos los an\u00e1lisis reflejan evaluaciones interpretativas basadas en el comportamiento sem\u00e1ntico observado, los patrones de discurso y la informaci\u00f3n contextual en un momento dado.<\/p>\n\n\n\n<p><strong>Sin garant\u00eda de resultados<\/strong><br\/>Cualquier predicci\u00f3n, proyecci\u00f3n o evaluaci\u00f3n proporcionada por AI ScanLab representa juicios anal\u00edticos informados, no garant\u00edas de rendimiento, comportamiento o resultados futuros.<\/p>\n\n\n\n<p>Las decisiones tomadas en base a los an\u00e1lisis de AI ScanLab siguen siendo responsabilidad exclusiva del cliente.<\/p>\n\n\n\n<p><strong>Metodolog\u00eda no intrusiva<\/strong><br\/>AI ScanLab no accede a sistemas internos, algoritmos propietarios, l\u00f3gica de modelos confidencial o infraestructura restringida. Todas las auditor\u00edas y an\u00e1lisis se llevan a cabo a trav\u00e9s de m\u00e9todos de observaci\u00f3n e interacci\u00f3n no intrusivos. <\/p>\n\n\n\n<p><strong>Sistemas de terceros<\/strong><br\/>AI ScanLab no est\u00e1 afiliado, respaldado ni act\u00faa en nombre de ninguna plataforma de IA, proveedor de tecnolog\u00eda, procesador de pagos o autoridad reguladora, a menos que se indique expl\u00edcitamente por escrito.<\/p>\n\n\n\n<p><strong>Limitaci\u00f3n de responsabilidad<\/strong><br\/>En la medida m\u00e1xima permitida por la ley, AI ScanLab no ser\u00e1 responsable de ning\u00fan da\u00f1o directo o indirecto que surja del uso, la interpretaci\u00f3n o la confianza en la informaci\u00f3n o los servicios proporcionados.<\/p>\n\n\n\n<div style=\"height:100px\" aria-hidden=\"true\" class=\"wp-block-spacer\"><\/div>\n<\/div>\n\n\n\n<div class=\"wp-block-column is-layout-flow wp-block-column-is-layout-flow\" style=\"flex-basis:10%\"><\/div>\n<\/div>\n","protected":false},"excerpt":{"rendered":"<p>Aviso legal La informaci\u00f3n, los an\u00e1lisis y los servicios proporcionados por AI ScanLab est\u00e1n destinados exclusivamente a fines informativos, anal\u00edticos y de investigaci\u00f3n. AI ScanLab no proporciona: Todos los an\u00e1lisis reflejan evaluaciones interpretativas basadas en el comportamiento sem\u00e1ntico observado, los patrones de discurso y la informaci\u00f3n contextual en un momento dado. Sin garant\u00eda de resultadosCualquier &#8230; <a title=\"Aviso legal\" class=\"read-more\" href=\"https:\/\/aiscanlab.com\/es\/aviso-legal\/\" aria-label=\"Leer m\u00e1s sobre Aviso legal\">Leer m\u00e1s<\/a><\/p>\n","protected":false},"author":1,"featured_media":0,"parent":0,"menu_order":0,"comment_status":"closed","ping_status":"closed","template":"","meta":{"_eb_attr":"","footnotes":""},"class_list":["post-674","page","type-page","status-publish"],"yoast_head":"<!-- This site is optimized with the Yoast SEO plugin v27.1.1 - https:\/\/yoast.com\/product\/yoast-seo-wordpress\/ -->\n<title>Aviso legal - AI ScanLab<\/title>\n<meta name=\"description\" content=\"Aviso legal: La informaci\u00f3n, los an\u00e1lisis y los servicios proporcionados por AI ScanLab est\u00e1n destinados exclusivamente a fines informativos, anal\u00edticos y de investigaci\u00f3n.\" \/>\n<meta name=\"robots\" content=\"index, follow, max-snippet:-1, max-image-preview:large, max-video-preview:-1\" \/>\n<link rel=\"canonical\" href=\"https:\/\/aiscanlab.com\/es\/aviso-legal\/\" \/>\n<meta property=\"og:locale\" content=\"es_ES\" \/>\n<meta property=\"og:type\" content=\"article\" \/>\n<meta property=\"og:title\" content=\"Aviso legal - AI ScanLab\" \/>\n<meta property=\"og:description\" content=\"Aviso legal: La informaci\u00f3n, los an\u00e1lisis y los servicios proporcionados por AI ScanLab est\u00e1n destinados exclusivamente a fines informativos, anal\u00edticos y de investigaci\u00f3n.\" \/>\n<meta property=\"og:url\" content=\"https:\/\/aiscanlab.com\/es\/aviso-legal\/\" \/>\n<meta property=\"og:site_name\" content=\"AI ScanLab\" \/>\n<meta property=\"article:modified_time\" content=\"2026-02-10T18:21:34+00:00\" \/>\n<meta name=\"twitter:card\" content=\"summary_large_image\" \/>\n<meta name=\"twitter:label1\" content=\"Tiempo de lectura\" \/>\n\t<meta name=\"twitter:data1\" content=\"1 minuto\" \/>\n<!-- \/ Yoast SEO plugin. -->","yoast_head_json":{"title":"Aviso legal - AI ScanLab","description":"Aviso legal: La informaci\u00f3n, los an\u00e1lisis y los servicios proporcionados por AI ScanLab est\u00e1n destinados exclusivamente a fines informativos, anal\u00edticos y de investigaci\u00f3n.","robots":{"index":"index","follow":"follow","max-snippet":"max-snippet:-1","max-image-preview":"max-image-preview:large","max-video-preview":"max-video-preview:-1"},"canonical":"https:\/\/aiscanlab.com\/es\/aviso-legal\/","og_locale":"es_ES","og_type":"article","og_title":"Aviso legal - AI ScanLab","og_description":"Aviso legal: La informaci\u00f3n, los an\u00e1lisis y los servicios proporcionados por AI ScanLab est\u00e1n destinados exclusivamente a fines informativos, anal\u00edticos y de investigaci\u00f3n.","og_url":"https:\/\/aiscanlab.com\/es\/aviso-legal\/","og_site_name":"AI ScanLab","article_modified_time":"2026-02-10T18:21:34+00:00","twitter_card":"summary_large_image","twitter_misc":{"Tiempo de lectura":"1 minuto"},"schema":{"@context":"https:\/\/schema.org","@graph":[{"@type":"WebPage","@id":"https:\/\/aiscanlab.com\/es\/aviso-legal\/","url":"https:\/\/aiscanlab.com\/es\/aviso-legal\/","name":"Aviso legal - AI ScanLab","isPartOf":{"@id":"https:\/\/aiscanlab.com\/es\/#website"},"datePublished":"2026-01-06T04:39:29+00:00","dateModified":"2026-02-10T18:21:34+00:00","description":"Aviso legal: La informaci\u00f3n, los an\u00e1lisis y los servicios proporcionados por AI ScanLab est\u00e1n destinados exclusivamente a fines informativos, anal\u00edticos y de investigaci\u00f3n.","breadcrumb":{"@id":"https:\/\/aiscanlab.com\/es\/aviso-legal\/#breadcrumb"},"inLanguage":"es","potentialAction":[{"@type":"ReadAction","target":["https:\/\/aiscanlab.com\/es\/aviso-legal\/"]}]},{"@type":"BreadcrumbList","@id":"https:\/\/aiscanlab.com\/es\/aviso-legal\/#breadcrumb","itemListElement":[{"@type":"ListItem","position":1,"name":"Home","item":"https:\/\/aiscanlab.com\/es\/"},{"@type":"ListItem","position":2,"name":"Aviso legal"}]},{"@type":"WebSite","@id":"https:\/\/aiscanlab.com\/es\/#website","url":"https:\/\/aiscanlab.com\/es\/","name":"AI ScanLab","description":"Semantic Integrity for AI systems","publisher":{"@id":"https:\/\/aiscanlab.com\/es\/#\/schema\/person\/6ac1ca28d3a73ba462c5e4a7d08c6000"},"alternateName":"aiscanlab","potentialAction":[{"@type":"SearchAction","target":{"@type":"EntryPoint","urlTemplate":"https:\/\/aiscanlab.com\/es\/?s={search_term_string}"},"query-input":{"@type":"PropertyValueSpecification","valueRequired":true,"valueName":"search_term_string"}}],"inLanguage":"es"},{"@type":["Person","Organization"],"@id":"https:\/\/aiscanlab.com\/es\/#\/schema\/person\/6ac1ca28d3a73ba462c5e4a7d08c6000","name":"Jos\u00e9 L\u00f3pez L\u00f3pez","image":{"@type":"ImageObject","inLanguage":"es","@id":"https:\/\/aiscanlab.com\/es\/#\/schema\/person\/image\/","url":"https:\/\/aiscanlab.com\/wp-content\/uploads\/2025\/12\/Fabicon_hexagono_black.png","contentUrl":"https:\/\/aiscanlab.com\/wp-content\/uploads\/2025\/12\/Fabicon_hexagono_black.png","width":512,"height":512,"caption":"Jos\u00e9 L\u00f3pez L\u00f3pez"},"logo":{"@id":"https:\/\/aiscanlab.com\/es\/#\/schema\/person\/image\/"},"sameAs":["https:\/\/aiscanlab.com"]}]}},"_hostinger_reach_plugin_has_subscription_block":false,"_hostinger_reach_plugin_is_elementor":false,"_links":{"self":[{"href":"https:\/\/aiscanlab.com\/es\/wp-json\/wp\/v2\/pages\/674","targetHints":{"allow":["GET"]}}],"collection":[{"href":"https:\/\/aiscanlab.com\/es\/wp-json\/wp\/v2\/pages"}],"about":[{"href":"https:\/\/aiscanlab.com\/es\/wp-json\/wp\/v2\/types\/page"}],"author":[{"embeddable":true,"href":"https:\/\/aiscanlab.com\/es\/wp-json\/wp\/v2\/users\/1"}],"replies":[{"embeddable":true,"href":"https:\/\/aiscanlab.com\/es\/wp-json\/wp\/v2\/comments?post=674"}],"version-history":[{"count":1,"href":"https:\/\/aiscanlab.com\/es\/wp-json\/wp\/v2\/pages\/674\/revisions"}],"predecessor-version":[{"id":675,"href":"https:\/\/aiscanlab.com\/es\/wp-json\/wp\/v2\/pages\/674\/revisions\/675"}],"wp:attachment":[{"href":"https:\/\/aiscanlab.com\/es\/wp-json\/wp\/v2\/media?parent=674"}],"curies":[{"name":"wp","href":"https:\/\/api.w.org\/{rel}","templated":true}]}}